{"id":7,"date":"2016-06-22T19:57:55","date_gmt":"2016-06-22T19:57:55","guid":{"rendered":"http:\/\/adelayolaw.com\/about-us\/"},"modified":"2024-02-27T17:12:41","modified_gmt":"2024-02-27T17:12:41","slug":"sobre-nosotros","status":"publish","type":"page","link":"https:\/\/adelayolaw.com\/es\/sobre-nosotros\/","title":{"rendered":"Sobre Nosotros"},"content":{"rendered":"<div class=\"vce-row-container\"><div class=\"vce-row vce-row--has-col-background vce-element--xl--has-background vce-row--col-gap-0 vce-row-equal-height vce-row-content--top\" data-vce-full-width=\"true\" id=\"el-10ab65a8\" data-vce-do-apply=\"all el-10ab65a8\"><div class=\"vce-content-background-container\"><div class=\"vce-asset-background-zoom-container vce-visible-xl-only vce-asset-background-zoom--position-right-top\"><div class=\"vce-asset-background-zoom-container vce-visible-xl-only vce-asset-background-zoom--position-right-top\"><div class=\"vce-asset-background-zoom--scale-helper\" style=\"transform:scale(1.5)\"><div class=\"vce-asset-background-zoom\" data-vce-assets-zoom=\"out\" data-vce-assets-zoom-scale=\"0.6666666666666666\" data-vce-assets-zoom-duration=\"30\">\n              <div class=\"vce-asset-background-zoom-item vcv-lozad\" data-background-image=\"https:\/\/adelayolaw.com\/es\/wp-content\/uploads\/2021\/10\/law-image.jpg\"><\/div>\n              <noscript>\n                <div class=\"vce-asset-background-zoom-item\" style=\"background-image: url(https:\/\/adelayolaw.com\/es\/wp-content\/uploads\/2021\/10\/law-image.jpg)\"><\/div>\n              <\/noscript>\n            <\/div><\/div><\/div><\/div><div class=\"vce-asset-color-gradient-container vce-visible-xl-only\" data-vce-do-apply=\"gradient el-10ab65a8\"><\/div><\/div><div class=\"vce-row-content\" data-vce-element-content=\"true\"><div class=\"vce-col vce-element--has-background vce-col--xs-100p vce-col--xs-visible vce-col--xs-last vce-col--xs-first vce-col--sm-100p vce-col--sm-visible vce-col--sm-last vce-col--sm-first vce-col--md-100p vce-col--md-visible vce-col--md-last vce-col--md-first vce-col--lg-100p vce-col--lg-visible vce-col--lg-last vce-col--lg-first vce-col--xl-auto vce-col--xl-visible vce-col--xl-first\" id=\"el-2f271771\"><div class=\"vce-col-inner\" data-vce-do-apply=\"border margin background  el-2f271771\"><div class=\"vce-content-background-container\"><\/div><div class=\"vce-col-content\" data-vce-element-content=\"true\" data-vce-do-apply=\"padding el-2f271771\"><div class=\"vce-text-block\"><div class=\"vce-text-block-wrapper vce\" id=\"el-ab0a9acc\" data-vce-do-apply=\"all el-ab0a9acc\"><p><span style=\"font-size: 16pt;\">En el<\/span> <span style=\"font-size: 16pt; font-weight: bold; font-style: normal;\">bufete de abogados Adelayo<\/span> <span style=\"font-size: 16pt;\">brindamos<\/span> <span style=\"font-weight: bold; font-style: normal; font-size: 16pt;\">una representaci\u00f3n orientada a resultados.&nbsp;<\/span><\/p><p>Creemos firmemente que el mejor enfoque para la pr\u00e1ctica de la ley comienza al escucharlo a usted, el cliente.&nbsp;Cada detalle de su historia podr\u00eda ser una pieza importante del rompecabezas en el desarrollo de una estrategia legal para el \u00e9xito de su caso, no importa cu\u00e1n peque\u00f1o o insignificante usted crea que pueda ser.<\/p><p>Por esa raz\u00f3n estudiamos cada caso a travez de una minuciosa y completa, consulta de uno a uno con nuestro equipo de expertos, y mantenemos una comunicaci\u00f3n abierta.&nbsp;De esta manera, podemos asegurar que no se omite ningun detalle, y asi podemos ofrecerle la mejor representaci\u00f3n posible.<\/p><p>Tambi\u00e9n entendemos que quedar atrapados en las ruedas del sistema de la justicia es a menudo una de las experiencias m\u00e1s dif\u00edciles y estresantes que una persona puede pasar.&nbsp;Tener un abogado que realmente escucha sus circunstancias individuales no solo te da la seguridad de que su caso esta siendo manejado por alguien que se preocupa, si no que esta puedo hacer una gran diferencia en el resultado a su caso.<\/p><\/div><\/div><div class=\"vce-button--style-basic-container vce-button--style-basic-container--align-left\"><span class=\"vce-button--style-basic-wrapper vce\" id=\"el-7f49d7e7\" data-vce-do-apply=\"margin el-7f49d7e7\"><a class=\"vce-button vce-button--style-basic vce-button--style-basic--border-rounded vce-button--style-basic--size-medium vce-button--style-basic--color-b-235-60-22--fff\" href=\"https:\/\/adelayolaw.com\/es\/contacto\" title=\"\" data-vce-do-apply=\"padding border background  el-7f49d7e7\">\u00a1Programe su consulta ahora!<\/a><\/span><\/div><\/div><\/div><\/div><div class=\"vce-col vce-col--xs-100p vce-col--xs-visible vce-col--xs-last vce-col--xs-first vce-col--sm-100p vce-col--sm-visible vce-col--sm-last vce-col--sm-first vce-col--md-100p vce-col--md-visible vce-col--md-last vce-col--md-first vce-col--lg-auto vce-col--lg-visible vce-col--lg-last vce-col--lg-first vce-col--xl-auto vce-col--xl-visible vce-col--xl-last\" id=\"el-0d266c75\"><div class=\"vce-col-inner\" data-vce-do-apply=\"border margin background  el-0d266c75\"><div class=\"vce-col-content\" data-vce-element-content=\"true\" data-vce-do-apply=\"padding el-0d266c75\"><div class=\"vcv-row-control-wrapper\"><\/div><\/div><\/div><\/div><\/div><\/div><\/div><div class=\"vce-row-container\" data-vce-boxed-width=\"true\"><div class=\"vce-row vce-row--has-col-background vce-row--col-gap-30 vce-row-equal-height vce-row-content--middle\" id=\"el-60f8bf23\" data-vce-do-apply=\"all el-60f8bf23\"><div class=\"vce-content-background-container\"><\/div><div class=\"vce-row-content\" data-vce-element-content=\"true\"><div class=\"vce-col vce-col--md-auto vce-col--xs-1 vce-col--xs-last vce-col--xs-first vce-col--sm-last vce-col--sm-first vce-col--md-first vce-col--lg-first vce-col--xl-first\" id=\"el-fdc1ce20\"><div class=\"vce-col-inner\" data-vce-do-apply=\"border margin background  el-fdc1ce20\"><div class=\"vce-col-content\" data-vce-element-content=\"true\" data-vce-do-apply=\"padding el-fdc1ce20\"><div class=\"vce-single-image-container vce-single-image--align-left\"><div class=\"vce vce-single-image-wrapper\" id=\"el-f8b2ed3e\" data-vce-do-apply=\"all el-f8b2ed3e\"><figure><div class=\"vce-single-image-figure-inner\" style=\"width: 682px;\"><div class=\"vce-single-image-inner vce-single-image--absolute vce-single-image--border-rounded\" style=\"width: 100%; padding-bottom: 150.147%;\"><img loading=\"lazy\" decoding=\"async\" class=\"vce-single-image\"  width=\"682\" height=\"1024\" srcset=\"https:\/\/adelayolaw.com\/es\/wp-content\/uploads\/2024\/02\/116-Bami_Branding_Session-320x480.jpg 320w, https:\/\/adelayolaw.com\/es\/wp-content\/uploads\/2024\/02\/116-Bami_Branding_Session-480x720.jpg 480w, https:\/\/adelayolaw.com\/es\/wp-content\/uploads\/2024\/02\/116-Bami_Branding_Session-800x1200.jpg 800w, https:\/\/adelayolaw.com\/es\/wp-content\/uploads\/2024\/02\/116-Bami_Branding_Session-scaled-682x1024.jpg 682w, https:\/\/adelayolaw.com\/es\/wp-content\/uploads\/2024\/02\/116-Bami_Branding_Session-scaled-1364x2048.jpg 2x\" src=\"https:\/\/adelayolaw.com\/es\/wp-content\/uploads\/2024\/02\/116-Bami_Branding_Session-scaled-682x1024.jpg\" data-img-src=\"https:\/\/adelayolaw.com\/es\/wp-content\/uploads\/2024\/02\/116-Bami_Branding_Session-scaled.jpg\" data-attachment-id=\"1409\"  alt=\"Bami Adelayo\nManaging Attorney\" title=\"Bami Adelayo Managing Attorney\" \/><\/div><\/div><figcaption hidden=\"\"><\/figcaption><\/figure><\/div><\/div><\/div><\/div><\/div><div class=\"vce-col vce-element--has-background vce-col--md-auto vce-col--xs-1 vce-col--xs-last vce-col--xs-first vce-col--sm-last vce-col--sm-first vce-col--md-last vce-col--lg-last vce-col--xl-last\" id=\"el-398a48bf\"><div class=\"vce-col-inner\" data-vce-do-apply=\"border margin background  el-398a48bf\"><div class=\"vce-content-background-container\"><\/div><div class=\"vce-col-content\" data-vce-element-content=\"true\" data-vce-do-apply=\"padding el-398a48bf\"><div class=\"vce-text-block\"><div class=\"vce-text-block-wrapper vce\" id=\"el-3f7ef788\" data-vce-do-apply=\"all el-3f7ef788\"><h3 style=\"text-align: center;\"><span style=\"color: #eb3c16;\"><strong>Nosotros Luchamos <\/strong><\/span><span style=\"color: #eb3c16;\"><strong>para asegurarnos que usted gane. Lograremos el exito de tu caso.<\/strong><\/span><\/h3>\n<hr>\n<h3 style=\"text-align: center;\">Solicita Una Consulta<br>(602) 258-1882<\/h3><\/div><\/div><\/div><\/div><\/div><\/div><\/div><\/div>","protected":false},"excerpt":{"rendered":"<p>En el bufete de abogados Adelayo brindamos una representaci\u00f3n orientada a resultados.&nbsp;Creemos firmemente que el mejor enfoque para la pr\u00e1ctica de la ley comienza al escucharlo a usted, el cliente.&nbsp;Cada detalle de su historia podr\u00eda ser una pieza importante del rompecabezas en el desarrollo de una estrategia legal para el \u00e9xito de su caso, no [&hellip;]<\/p>\n","protected":false},"author":1,"featured_media":0,"parent":0,"menu_order":1,"comment_status":"closed","ping_status":"closed","template":"","meta":{"_acf_changed":false,"footnotes":""},"class_list":["post-7","page","type-page","status-publish","hentry"],"acf":[],"yoast_head":"<!-- This site is optimized with the Yoast SEO plugin v26.6 - https:\/\/yoast.com\/wordpress\/plugins\/seo\/ -->\n<title>About Adelayo Law | Phoenix, AZ Criminal Law &amp; Immigration Lawyer<\/title>\n<meta name=\"robots\" content=\"index, follow, max-snippet:-1, max-image-preview:large, max-video-preview:-1\" \/>\n<link rel=\"canonical\" href=\"https:\/\/adelayolaw.com\/es\/sobre-nosotros\/\" \/>\n<meta property=\"og:locale\" content=\"en_US\" \/>\n<meta property=\"og:type\" content=\"article\" \/>\n<meta property=\"og:title\" content=\"About Adelayo Law | Phoenix, AZ Criminal Law &amp; Immigration Lawyer\" \/>\n<meta property=\"og:description\" content=\"En el bufete de abogados Adelayo brindamos una representaci\u00f3n orientada a resultados.&nbsp;Creemos firmemente que el mejor enfoque para la pr\u00e1ctica de la ley comienza al escucharlo a usted, el cliente.&nbsp;Cada detalle de su historia podr\u00eda ser una pieza importante del rompecabezas en el desarrollo de una estrategia legal para el \u00e9xito de su caso, no [&hellip;]\" \/>\n<meta property=\"og:url\" content=\"https:\/\/adelayolaw.com\/es\/sobre-nosotros\/\" \/>\n<meta property=\"og:site_name\" content=\"Adelayo Law\" \/>\n<meta property=\"article:publisher\" content=\"https:\/\/facebook.com\/adelayolaw\" \/>\n<meta property=\"article:modified_time\" content=\"2024-02-27T17:12:41+00:00\" \/>\n<meta name=\"twitter:card\" content=\"summary_large_image\" \/>\n<meta name=\"twitter:site\" content=\"@DelBamLaw\" \/>\n<meta name=\"twitter:label1\" content=\"Est. reading time\" \/>\n\t<meta name=\"twitter:data1\" content=\"1 minute\" \/>\n<script type=\"application\/ld+json\" class=\"yoast-schema-graph\">{\"@context\":\"https:\/\/schema.org\",\"@graph\":[{\"@type\":\"WebPage\",\"@id\":\"https:\/\/adelayolaw.com\/es\/sobre-nosotros\/\",\"url\":\"https:\/\/adelayolaw.com\/es\/sobre-nosotros\/\",\"name\":\"About Adelayo Law | Phoenix, AZ Criminal Law & Immigration Lawyer\",\"isPartOf\":{\"@id\":\"https:\/\/adelayolaw.com\/es\/#website\"},\"datePublished\":\"2016-06-22T19:57:55+00:00\",\"dateModified\":\"2024-02-27T17:12:41+00:00\",\"inLanguage\":\"en-US\",\"potentialAction\":[{\"@type\":\"ReadAction\",\"target\":[\"https:\/\/adelayolaw.com\/es\/sobre-nosotros\/\"]}]},{\"@type\":\"WebSite\",\"@id\":\"https:\/\/adelayolaw.com\/es\/#website\",\"url\":\"https:\/\/adelayolaw.com\/es\/\",\"name\":\"Adelayo Law\",\"description\":\"\",\"publisher\":{\"@id\":\"https:\/\/adelayolaw.com\/es\/#organization\"},\"potentialAction\":[{\"@type\":\"SearchAction\",\"target\":{\"@type\":\"EntryPoint\",\"urlTemplate\":\"https:\/\/adelayolaw.com\/es\/?s={search_term_string}\"},\"query-input\":{\"@type\":\"PropertyValueSpecification\",\"valueRequired\":true,\"valueName\":\"search_term_string\"}}],\"inLanguage\":\"en-US\"},{\"@type\":\"Organization\",\"@id\":\"https:\/\/adelayolaw.com\/es\/#organization\",\"name\":\"Adelayo Law, PLLC\",\"url\":\"https:\/\/adelayolaw.com\/es\/\",\"logo\":{\"@type\":\"ImageObject\",\"inLanguage\":\"en-US\",\"@id\":\"https:\/\/adelayolaw.com\/es\/#\/schema\/logo\/image\/\",\"url\":\"https:\/\/adelayolaw.com\/es\/wp-content\/uploads\/2022\/08\/logo-3.png\",\"contentUrl\":\"https:\/\/adelayolaw.com\/es\/wp-content\/uploads\/2022\/08\/logo-3.png\",\"width\":2020,\"height\":561,\"caption\":\"Adelayo Law, PLLC\"},\"image\":{\"@id\":\"https:\/\/adelayolaw.com\/es\/#\/schema\/logo\/image\/\"},\"sameAs\":[\"https:\/\/facebook.com\/adelayolaw\",\"https:\/\/x.com\/DelBamLaw\",\"https:\/\/instagram.com\/Adelayo_Law_Firm_\",\"https:\/\/www.tiktok.com\/adelayolawfirm\",\"https:\/\/www.linkedin.com\/in\/bamidele-bami-adelayo-3b426824\/\",\"https:\/\/www.youtube.com\/channel\/UCVS6Ez5TmnrpGmEMS2auJ0w\"]}]}<\/script>\n<!-- \/ Yoast SEO plugin. -->","yoast_head_json":{"title":"About Adelayo Law | Phoenix, AZ Criminal Law & Immigration Lawyer","robots":{"index":"index","follow":"follow","max-snippet":"max-snippet:-1","max-image-preview":"max-image-preview:large","max-video-preview":"max-video-preview:-1"},"canonical":"https:\/\/adelayolaw.com\/es\/sobre-nosotros\/","og_locale":"en_US","og_type":"article","og_title":"About Adelayo Law | Phoenix, AZ Criminal Law & Immigration Lawyer","og_description":"En el bufete de abogados Adelayo brindamos una representaci\u00f3n orientada a resultados.&nbsp;Creemos firmemente que el mejor enfoque para la pr\u00e1ctica de la ley comienza al escucharlo a usted, el cliente.&nbsp;Cada detalle de su historia podr\u00eda ser una pieza importante del rompecabezas en el desarrollo de una estrategia legal para el \u00e9xito de su caso, no [&hellip;]","og_url":"https:\/\/adelayolaw.com\/es\/sobre-nosotros\/","og_site_name":"Adelayo Law","article_publisher":"https:\/\/facebook.com\/adelayolaw","article_modified_time":"2024-02-27T17:12:41+00:00","twitter_card":"summary_large_image","twitter_site":"@DelBamLaw","twitter_misc":{"Est. reading time":"1 minute"},"schema":{"@context":"https:\/\/schema.org","@graph":[{"@type":"WebPage","@id":"https:\/\/adelayolaw.com\/es\/sobre-nosotros\/","url":"https:\/\/adelayolaw.com\/es\/sobre-nosotros\/","name":"About Adelayo Law | Phoenix, AZ Criminal Law & Immigration Lawyer","isPartOf":{"@id":"https:\/\/adelayolaw.com\/es\/#website"},"datePublished":"2016-06-22T19:57:55+00:00","dateModified":"2024-02-27T17:12:41+00:00","inLanguage":"en-US","potentialAction":[{"@type":"ReadAction","target":["https:\/\/adelayolaw.com\/es\/sobre-nosotros\/"]}]},{"@type":"WebSite","@id":"https:\/\/adelayolaw.com\/es\/#website","url":"https:\/\/adelayolaw.com\/es\/","name":"Adelayo Law","description":"","publisher":{"@id":"https:\/\/adelayolaw.com\/es\/#organization"},"potentialAction":[{"@type":"SearchAction","target":{"@type":"EntryPoint","urlTemplate":"https:\/\/adelayolaw.com\/es\/?s={search_term_string}"},"query-input":{"@type":"PropertyValueSpecification","valueRequired":true,"valueName":"search_term_string"}}],"inLanguage":"en-US"},{"@type":"Organization","@id":"https:\/\/adelayolaw.com\/es\/#organization","name":"Adelayo Law, PLLC","url":"https:\/\/adelayolaw.com\/es\/","logo":{"@type":"ImageObject","inLanguage":"en-US","@id":"https:\/\/adelayolaw.com\/es\/#\/schema\/logo\/image\/","url":"https:\/\/adelayolaw.com\/es\/wp-content\/uploads\/2022\/08\/logo-3.png","contentUrl":"https:\/\/adelayolaw.com\/es\/wp-content\/uploads\/2022\/08\/logo-3.png","width":2020,"height":561,"caption":"Adelayo Law, PLLC"},"image":{"@id":"https:\/\/adelayolaw.com\/es\/#\/schema\/logo\/image\/"},"sameAs":["https:\/\/facebook.com\/adelayolaw","https:\/\/x.com\/DelBamLaw","https:\/\/instagram.com\/Adelayo_Law_Firm_","https:\/\/www.tiktok.com\/adelayolawfirm","https:\/\/www.linkedin.com\/in\/bamidele-bami-adelayo-3b426824\/","https:\/\/www.youtube.com\/channel\/UCVS6Ez5TmnrpGmEMS2auJ0w"]}]}},"_links":{"self":[{"href":"https:\/\/adelayolaw.com\/es\/wp-json\/wp\/v2\/pages\/7","targetHints":{"allow":["GET"]}}],"collection":[{"href":"https:\/\/adelayolaw.com\/es\/wp-json\/wp\/v2\/pages"}],"about":[{"href":"https:\/\/adelayolaw.com\/es\/wp-json\/wp\/v2\/types\/page"}],"author":[{"embeddable":true,"href":"https:\/\/adelayolaw.com\/es\/wp-json\/wp\/v2\/users\/1"}],"replies":[{"embeddable":true,"href":"https:\/\/adelayolaw.com\/es\/wp-json\/wp\/v2\/comments?post=7"}],"version-history":[{"count":26,"href":"https:\/\/adelayolaw.com\/es\/wp-json\/wp\/v2\/pages\/7\/revisions"}],"predecessor-version":[{"id":1411,"href":"https:\/\/adelayolaw.com\/es\/wp-json\/wp\/v2\/pages\/7\/revisions\/1411"}],"wp:attachment":[{"href":"https:\/\/adelayolaw.com\/es\/wp-json\/wp\/v2\/media?parent=7"}],"curies":[{"name":"wp","href":"https:\/\/api.w.org\/{rel}","templated":true}]}}