{"id":13,"date":"2016-06-22T19:57:55","date_gmt":"2016-06-22T19:57:55","guid":{"rendered":"http:\/\/adelayolaw.com\/contact-us\/"},"modified":"2022-07-29T23:05:15","modified_gmt":"2022-07-29T23:05:15","slug":"contacto","status":"publish","type":"page","link":"https:\/\/adelayolaw.com\/es\/contacto\/","title":{"rendered":"Contacto"},"content":{"rendered":"<div class=\"vce-row-container\" data-vce-boxed-width=\"true\"><div class=\"vce-row vce-row--col-gap-30 vce-row-equal-height vce-row-content--top\" id=\"el-93d9ccae\" data-vce-do-apply=\"all el-93d9ccae\"><div class=\"vce-row-content\" data-vce-element-content=\"true\"><div class=\"vce-col vce-col--md-25p vce-col--xs-1 vce-col--xs-last vce-col--xs-first vce-col--sm-last vce-col--sm-first vce-col--md-first vce-col--lg-first vce-col--xl-first\" id=\"el-43dadeb9\"><div class=\"vce-col-inner\" data-vce-do-apply=\"border margin background  el-43dadeb9\"><div class=\"vce-col-content\" data-vce-element-content=\"true\" data-vce-do-apply=\"padding el-43dadeb9\"><div><\/div><\/div><\/div><\/div><div class=\"vce-col vce-col--md-50p vce-col--xs-1 vce-col--xs-last vce-col--xs-first vce-col--sm-last vce-col--sm-first\" id=\"el-e1c08482\"><div class=\"vce-col-inner\" data-vce-do-apply=\"border margin background  el-e1c08482\"><div class=\"vce-col-content\" data-vce-element-content=\"true\" data-vce-do-apply=\"padding el-e1c08482\"><div class=\"vce-text-block\"><div class=\"vce-text-block-wrapper vce\" id=\"el-df730824\" data-vce-do-apply=\"all el-df730824\"><div>\n<p><!-- This site is optimized with the Yoast SEO plugin v19.4 - https:\/\/yoast.com\/wordpress\/plugins\/seo\/ --><!-- Admin only notice: this page does not show a meta description because it does not have one, either write it for this page specifically or go into the [SEO - Search Appearance] menu and set up a template. --><!-- \/ Yoast SEO plugin. --><noscript><\/p>\n<style>.vce-row-container .vcv-lozad {display: none}<\/style>\n<p><\/noscript><\/p>\n<\/div>\n<div>\n<div>\n<p><!-- This site is optimized with the Yoast SEO plugin v19.4 - https:\/\/yoast.com\/wordpress\/plugins\/seo\/ --><!-- Admin only notice: this page does not show a meta description because it does not have one, either write it for this page specifically or go into the [SEO - Search Appearance] menu and set up a template. --><!-- \/ Yoast SEO plugin. --><noscript><\/p>\n<style>.vce-row-container .vcv-lozad {display: none}<\/style>\n<p><\/noscript><\/p>\n<\/div>\n<div>\n<p style=\"text-align: center;\"><em>Se Habla Espa\u00f1ol<\/em><\/p>\n<p style=\"text-align: center;\"><strong>Phoenix:<\/strong><br>802 N. 5th Avenue, Phoenix, AZ 85003 | <a href=\"https:\/\/www.google.com\/maps\/place\/Adelayo+Law+Firm+PLLC\/@33.4717547,-112.0720255,21z\/data=!4m5!3m4!1s0x0:0x750b6a7eb720297f!8m2!3d33.4690543!4d-112.067857\" target=\"_blank\" rel=\"noopener noreferrer\">Map<br><\/a><strong>Tel\u00e9fono:<\/strong> (602) 258-1882<br><strong>Fax:<\/strong> (602) 258-0177<br><strong>Fuera de Horas<\/strong><strong>:<\/strong> (480) 809-7011<\/p>\n<p style=\"text-align: center;\"><strong>Sierra Vista &amp; Douglas, AZ:<br><\/strong>Para citas, comun\u00edquese con Dennise Leatherman-Gonzalez<br><strong>Tel<\/strong><span style=\"font-weight: bolder;\">\u00e9<\/span><strong>fono:<\/strong> (520) 456-7421<\/p>\n<hr>\n<p style=\"text-align: center;\">&nbsp;<\/p>\n<\/div>\n<\/div><\/div><\/div><div id=\"el-efb155a9\" class=\"\"><div class=\"vce vce-gravity-forms\" data-vce-do-apply=\"all el-efb155a9\"><\/div><\/div><\/div><\/div><\/div><div class=\"vce-col vce-col--md-25p vce-col--xs-1 vce-col--xs-last vce-col--xs-first vce-col--sm-last vce-col--sm-first vce-col--md-last vce-col--lg-last vce-col--xl-last\" id=\"el-02956ae8\"><div class=\"vce-col-inner\" data-vce-do-apply=\"border margin background  el-02956ae8\"><div class=\"vce-col-content\" data-vce-element-content=\"true\" data-vce-do-apply=\"padding el-02956ae8\"><div><\/div><\/div><\/div><\/div><\/div><\/div><\/div><div class=\"vce-row-container\" data-vce-boxed-width=\"true\"><div class=\"vce-row vce-row--col-gap-30 vce-row-equal-height vce-row-content--top\" id=\"el-c467f88f\" data-vce-do-apply=\"all el-c467f88f\"><div class=\"vce-row-content\" data-vce-element-content=\"true\"><div class=\"vce-col vce-col--md-auto vce-col--xs-1 vce-col--xs-last vce-col--xs-first vce-col--sm-last vce-col--sm-first vce-col--md-last vce-col--lg-last vce-col--xl-last vce-col--md-first vce-col--lg-first vce-col--xl-first\" id=\"el-239569a4\"><div class=\"vce-col-inner\" data-vce-do-apply=\"border margin background  el-239569a4\"><div class=\"vce-col-content\" data-vce-element-content=\"true\" data-vce-do-apply=\"padding el-239569a4\"><div class=\"vce-google-maps vce-google-maps--align-center\"><div class=\"vce-google-maps-wrapper vce vce-google-maps--width-custom vce-google-maps--height-custom\" id=\"el-e9000524\" data-vce-do-apply=\"all el-e9000524\" style=\"width: 100%; height: 500px;\"><div class=\"vce-google-maps-inner\"><iframe src=\"https:\/\/www.google.com\/maps\/embed?pb=!1m14!1m8!1m3!1d13314.83207702562!2d-112.0804944!3d33.4569128!3m2!1i1024!2i768!4f13.1!3m3!1m2!1s0x0%3A0x750b6a7eb720297f!2sAdelayo%20Law%20Firm%20PLLC!5e0!3m2!1sen!2sus!4v1634769037535!5m2!1sen!2sus\" width=\"600\" height=\"450\" style=\"border: 0px; pointer-events: none;\" allowfullscreen=\"\" loading=\"lazy\"><\/iframe><\/div><\/div><\/div><\/div><\/div><\/div><\/div><\/div><\/div>","protected":false},"excerpt":{"rendered":"<p>Se Habla Espa\u00f1ol Phoenix:802 N. 5th Avenue, Phoenix, AZ 85003 | MapTel\u00e9fono: (602) 258-1882Fax: (602) 258-0177Fuera de Horas: (480) 809-7011 Sierra Vista &amp; Douglas, AZ:Para citas, comun\u00edquese con Dennise Leatherman-GonzalezTel\u00e9fono: (520) 456-7421 &nbsp;<\/p>\n","protected":false},"author":1,"featured_media":0,"parent":0,"menu_order":7,"comment_status":"closed","ping_status":"closed","template":"","meta":{"_acf_changed":false,"footnotes":""},"class_list":["post-13","page","type-page","status-publish","hentry"],"acf":[],"yoast_head":"<!-- This site is optimized with the Yoast SEO plugin v26.6 - https:\/\/yoast.com\/wordpress\/plugins\/seo\/ -->\n<title>Contact Us | Adelayo Law | Phoenix, AZ Criminal Law &amp; Immigration Lawyer<\/title>\n<meta name=\"robots\" content=\"index, follow, max-snippet:-1, max-image-preview:large, max-video-preview:-1\" \/>\n<link rel=\"canonical\" href=\"https:\/\/adelayolaw.com\/es\/contacto\/\" \/>\n<meta property=\"og:locale\" content=\"en_US\" \/>\n<meta property=\"og:type\" content=\"article\" \/>\n<meta property=\"og:title\" content=\"Contact Us | Adelayo Law | Phoenix, AZ Criminal Law &amp; Immigration Lawyer\" \/>\n<meta property=\"og:description\" content=\"Se Habla Espa\u00f1ol Phoenix:802 N. 5th Avenue, Phoenix, AZ 85003 | MapTel\u00e9fono: (602) 258-1882Fax: (602) 258-0177Fuera de Horas: (480) 809-7011 Sierra Vista &amp; Douglas, AZ:Para citas, comun\u00edquese con Dennise Leatherman-GonzalezTel\u00e9fono: (520) 456-7421 &nbsp;\" \/>\n<meta property=\"og:url\" content=\"https:\/\/adelayolaw.com\/es\/contacto\/\" \/>\n<meta property=\"og:site_name\" content=\"Adelayo Law\" \/>\n<meta property=\"article:publisher\" content=\"https:\/\/facebook.com\/adelayolaw\" \/>\n<meta property=\"article:modified_time\" content=\"2022-07-29T23:05:15+00:00\" \/>\n<meta name=\"twitter:card\" content=\"summary_large_image\" \/>\n<meta name=\"twitter:site\" content=\"@DelBamLaw\" \/>\n<script type=\"application\/ld+json\" class=\"yoast-schema-graph\">{\"@context\":\"https:\/\/schema.org\",\"@graph\":[{\"@type\":\"WebPage\",\"@id\":\"https:\/\/adelayolaw.com\/es\/contacto\/\",\"url\":\"https:\/\/adelayolaw.com\/es\/contacto\/\",\"name\":\"Contact Us | Adelayo Law | Phoenix, AZ Criminal Law & Immigration Lawyer\",\"isPartOf\":{\"@id\":\"https:\/\/adelayolaw.com\/es\/#website\"},\"datePublished\":\"2016-06-22T19:57:55+00:00\",\"dateModified\":\"2022-07-29T23:05:15+00:00\",\"inLanguage\":\"en-US\",\"potentialAction\":[{\"@type\":\"ReadAction\",\"target\":[\"https:\/\/adelayolaw.com\/es\/contacto\/\"]}]},{\"@type\":\"WebSite\",\"@id\":\"https:\/\/adelayolaw.com\/es\/#website\",\"url\":\"https:\/\/adelayolaw.com\/es\/\",\"name\":\"Adelayo Law\",\"description\":\"\",\"publisher\":{\"@id\":\"https:\/\/adelayolaw.com\/es\/#organization\"},\"potentialAction\":[{\"@type\":\"SearchAction\",\"target\":{\"@type\":\"EntryPoint\",\"urlTemplate\":\"https:\/\/adelayolaw.com\/es\/?s={search_term_string}\"},\"query-input\":{\"@type\":\"PropertyValueSpecification\",\"valueRequired\":true,\"valueName\":\"search_term_string\"}}],\"inLanguage\":\"en-US\"},{\"@type\":\"Organization\",\"@id\":\"https:\/\/adelayolaw.com\/es\/#organization\",\"name\":\"Adelayo Law, PLLC\",\"url\":\"https:\/\/adelayolaw.com\/es\/\",\"logo\":{\"@type\":\"ImageObject\",\"inLanguage\":\"en-US\",\"@id\":\"https:\/\/adelayolaw.com\/es\/#\/schema\/logo\/image\/\",\"url\":\"https:\/\/adelayolaw.com\/es\/wp-content\/uploads\/2022\/08\/logo-3.png\",\"contentUrl\":\"https:\/\/adelayolaw.com\/es\/wp-content\/uploads\/2022\/08\/logo-3.png\",\"width\":2020,\"height\":561,\"caption\":\"Adelayo Law, PLLC\"},\"image\":{\"@id\":\"https:\/\/adelayolaw.com\/es\/#\/schema\/logo\/image\/\"},\"sameAs\":[\"https:\/\/facebook.com\/adelayolaw\",\"https:\/\/x.com\/DelBamLaw\",\"https:\/\/instagram.com\/Adelayo_Law_Firm_\",\"https:\/\/www.tiktok.com\/adelayolawfirm\",\"https:\/\/www.linkedin.com\/in\/bamidele-bami-adelayo-3b426824\/\",\"https:\/\/www.youtube.com\/channel\/UCVS6Ez5TmnrpGmEMS2auJ0w\"]}]}<\/script>\n<!-- \/ Yoast SEO plugin. -->","yoast_head_json":{"title":"Contact Us | Adelayo Law | Phoenix, AZ Criminal Law & Immigration Lawyer","robots":{"index":"index","follow":"follow","max-snippet":"max-snippet:-1","max-image-preview":"max-image-preview:large","max-video-preview":"max-video-preview:-1"},"canonical":"https:\/\/adelayolaw.com\/es\/contacto\/","og_locale":"en_US","og_type":"article","og_title":"Contact Us | Adelayo Law | Phoenix, AZ Criminal Law & Immigration Lawyer","og_description":"Se Habla Espa\u00f1ol Phoenix:802 N. 5th Avenue, Phoenix, AZ 85003 | MapTel\u00e9fono: (602) 258-1882Fax: (602) 258-0177Fuera de Horas: (480) 809-7011 Sierra Vista &amp; Douglas, AZ:Para citas, comun\u00edquese con Dennise Leatherman-GonzalezTel\u00e9fono: (520) 456-7421 &nbsp;","og_url":"https:\/\/adelayolaw.com\/es\/contacto\/","og_site_name":"Adelayo Law","article_publisher":"https:\/\/facebook.com\/adelayolaw","article_modified_time":"2022-07-29T23:05:15+00:00","twitter_card":"summary_large_image","twitter_site":"@DelBamLaw","schema":{"@context":"https:\/\/schema.org","@graph":[{"@type":"WebPage","@id":"https:\/\/adelayolaw.com\/es\/contacto\/","url":"https:\/\/adelayolaw.com\/es\/contacto\/","name":"Contact Us | Adelayo Law | Phoenix, AZ Criminal Law & Immigration Lawyer","isPartOf":{"@id":"https:\/\/adelayolaw.com\/es\/#website"},"datePublished":"2016-06-22T19:57:55+00:00","dateModified":"2022-07-29T23:05:15+00:00","inLanguage":"en-US","potentialAction":[{"@type":"ReadAction","target":["https:\/\/adelayolaw.com\/es\/contacto\/"]}]},{"@type":"WebSite","@id":"https:\/\/adelayolaw.com\/es\/#website","url":"https:\/\/adelayolaw.com\/es\/","name":"Adelayo Law","description":"","publisher":{"@id":"https:\/\/adelayolaw.com\/es\/#organization"},"potentialAction":[{"@type":"SearchAction","target":{"@type":"EntryPoint","urlTemplate":"https:\/\/adelayolaw.com\/es\/?s={search_term_string}"},"query-input":{"@type":"PropertyValueSpecification","valueRequired":true,"valueName":"search_term_string"}}],"inLanguage":"en-US"},{"@type":"Organization","@id":"https:\/\/adelayolaw.com\/es\/#organization","name":"Adelayo Law, PLLC","url":"https:\/\/adelayolaw.com\/es\/","logo":{"@type":"ImageObject","inLanguage":"en-US","@id":"https:\/\/adelayolaw.com\/es\/#\/schema\/logo\/image\/","url":"https:\/\/adelayolaw.com\/es\/wp-content\/uploads\/2022\/08\/logo-3.png","contentUrl":"https:\/\/adelayolaw.com\/es\/wp-content\/uploads\/2022\/08\/logo-3.png","width":2020,"height":561,"caption":"Adelayo Law, PLLC"},"image":{"@id":"https:\/\/adelayolaw.com\/es\/#\/schema\/logo\/image\/"},"sameAs":["https:\/\/facebook.com\/adelayolaw","https:\/\/x.com\/DelBamLaw","https:\/\/instagram.com\/Adelayo_Law_Firm_","https:\/\/www.tiktok.com\/adelayolawfirm","https:\/\/www.linkedin.com\/in\/bamidele-bami-adelayo-3b426824\/","https:\/\/www.youtube.com\/channel\/UCVS6Ez5TmnrpGmEMS2auJ0w"]}]}},"_links":{"self":[{"href":"https:\/\/adelayolaw.com\/es\/wp-json\/wp\/v2\/pages\/13","targetHints":{"allow":["GET"]}}],"collection":[{"href":"https:\/\/adelayolaw.com\/es\/wp-json\/wp\/v2\/pages"}],"about":[{"href":"https:\/\/adelayolaw.com\/es\/wp-json\/wp\/v2\/types\/page"}],"author":[{"embeddable":true,"href":"https:\/\/adelayolaw.com\/es\/wp-json\/wp\/v2\/users\/1"}],"replies":[{"embeddable":true,"href":"https:\/\/adelayolaw.com\/es\/wp-json\/wp\/v2\/comments?post=13"}],"version-history":[{"count":20,"href":"https:\/\/adelayolaw.com\/es\/wp-json\/wp\/v2\/pages\/13\/revisions"}],"predecessor-version":[{"id":1393,"href":"https:\/\/adelayolaw.com\/es\/wp-json\/wp\/v2\/pages\/13\/revisions\/1393"}],"wp:attachment":[{"href":"https:\/\/adelayolaw.com\/es\/wp-json\/wp\/v2\/media?parent=13"}],"curies":[{"name":"wp","href":"https:\/\/api.w.org\/{rel}","templated":true}]}}