{"id":1215,"date":"2018-04-14T05:37:32","date_gmt":"2018-04-14T05:37:32","guid":{"rendered":"http:\/\/adelayolaw.com\/?page_id=1215"},"modified":"2022-07-29T23:26:43","modified_gmt":"2022-07-29T23:26:43","slug":"gema-soto-diaz","status":"publish","type":"page","link":"https:\/\/adelayolaw.com\/es\/nuestro-equipo\/gema-soto-diaz\/","title":{"rendered":"Gema Soto Diaz"},"content":{"rendered":"<div class=\"vce-row-container\" data-vce-boxed-width=\"true\"><div class=\"vce-row vce-row--col-gap-30 vce-row-equal-height vce-row-content--top\" id=\"el-6a953f79\" data-vce-do-apply=\"all el-6a953f79\"><div class=\"vce-content-background-container\"><\/div><div class=\"vce-row-content\" data-vce-element-content=\"true\"><div class=\"vce-col vce-col--md-auto vce-col--xs-1 vce-col--xs-last vce-col--xs-first vce-col--sm-last vce-col--sm-first vce-col--md-last vce-col--lg-last vce-col--xl-last vce-col--md-first vce-col--lg-first vce-col--xl-first\" id=\"el-d0039947\"><div class=\"vce-col-inner\" data-vce-do-apply=\"border margin background  el-d0039947\"><div class=\"vce-col-content\" data-vce-element-content=\"true\" data-vce-do-apply=\"padding el-d0039947\"><div class=\"vce-text-block\"><div class=\"vce-text-block-wrapper vce\" id=\"el-59a8a9e7\" data-vce-do-apply=\"all el-59a8a9e7\"><div id=\"attachment_1222\" style=\"width: 277px\" class=\"wp-caption alignleft\"><img aria-describedby=\"caption-attachment-1222\" loading=\"lazy\" decoding=\"async\" class=\" wp-image-1222\" style=\"user-select: auto;\" src=\"https:\/\/adelayolaw.com\/es\/wp-content\/uploads\/2018\/04\/team-member-gema-soto.jpg\" alt=\"Gema Soto Diaz - Legal Assistant\" width=\"267\" height=\"401\" srcset=\"https:\/\/adelayolaw.com\/es\/wp-content\/uploads\/2018\/04\/team-member-gema-soto.jpg 540w, https:\/\/adelayolaw.com\/es\/wp-content\/uploads\/2018\/04\/team-member-gema-soto-200x300.jpg 200w\" sizes=\"auto, (max-width: 267px) 100vw, 267px\" \/><p id=\"caption-attachment-1222\" class=\"wp-caption-text\">Gema Soto Diaz - Legal Assistant<\/p><\/div><h3><span style=\"color: #eb3c16;\"><strong>Gema Soto D\u00edaz, es asistente legal en Adelayo Law Firm, PLLC. Su familia es originaria de Sonora, M\u00e9xico, pero ella naci\u00f3 y se crio en Phoenix, Arizona. Gema se interes\u00f3 en la ley de inmigraci\u00f3n y ello ha formado parte de su educaci\u00f3n.<\/strong><\/span><\/h3><p>Correo electr\u00f3nico:&nbsp;<a href=\"mailto:gema@adelayolaw.com\">gema@adelayolaw.com<\/a><\/p><hr style=\"user-select: auto;\"><p>Al crecer en un estado fronterizo como Arizona, Gema fue directamente impactada por la ley de inmigraci\u00f3n. Ella conoc\u00eda a amigos, parientes y vecinos que las leyes de inmigraci\u00f3n afectaban, por eso, desde una edad muy temprana, Gema siempre se ha interesado en estar al d\u00eda de todas las reglas actuales en las leyes de inmigraci\u00f3n de EE. UU. Para informar a sus familiares y amigos. Aqu\u00ed ha crecido su inter\u00e9s y deseo por ayudar a la comunidad Migrante y en el Bufete de abogados de Adelayo Gema disfruta de poder ayudar a los clientes con dificultades de inmigraci\u00f3n.<\/p><p>Gema ha tomado clases de leyes de inmigraci\u00f3n en el Phoenix College y est\u00e1 planeando obtener un t\u00edtulo de asistente legal orientada en la ley de inmigraci\u00f3n. Los objetivos de Gema son continuar ayudando a las familias de la comunidad latina a mantenerse unidas, ayud\u00e1ndolos en sus necesidades de inmigraci\u00f3n<\/p><p>Gema est\u00e1 convencida que en Adelayo Law Firm, PLLC es acertado el lema \u201cun cliente a la vez\u201d.<\/p><\/div><\/div><\/div><\/div><\/div><\/div><\/div><\/div>\n","protected":false},"excerpt":{"rendered":"<p>Gema Soto D\u00edaz, es asistente legal en Adelayo Law Firm, PLLC. Su familia es originaria de Sonora, M\u00e9xico, pero ella naci\u00f3 y se crio en Phoenix, Arizona. Gema se interes\u00f3 en la ley de inmigraci\u00f3n y ello ha formado parte de su educaci\u00f3n.Correo electr\u00f3nico:&nbsp;gema@adelayolaw.comAl crecer en un estado fronterizo como Arizona, Gema fue directamente impactada [&hellip;]<\/p>\n","protected":false},"author":1,"featured_media":0,"parent":31,"menu_order":0,"comment_status":"closed","ping_status":"closed","template":"","meta":{"_acf_changed":false,"footnotes":""},"class_list":["post-1215","page","type-page","status-publish","hentry"],"acf":[],"yoast_head":"<!-- This site is optimized with the Yoast SEO plugin v26.6 - https:\/\/yoast.com\/wordpress\/plugins\/seo\/ -->\n<title>Gema Soto Diaz | Adelayo Law | Phoenix, AZ Criminal Law &amp; Immigration Lawyer<\/title>\n<meta name=\"robots\" content=\"index, follow, max-snippet:-1, max-image-preview:large, max-video-preview:-1\" \/>\n<link rel=\"canonical\" href=\"https:\/\/adelayolaw.com\/es\/nuestro-equipo\/gema-soto-diaz\/\" \/>\n<meta property=\"og:locale\" content=\"en_US\" \/>\n<meta property=\"og:type\" content=\"article\" \/>\n<meta property=\"og:title\" content=\"Gema Soto Diaz | Adelayo Law | Phoenix, AZ Criminal Law &amp; Immigration Lawyer\" \/>\n<meta property=\"og:description\" content=\"Gema Soto D\u00edaz, es asistente legal en Adelayo Law Firm, PLLC. Su familia es originaria de Sonora, M\u00e9xico, pero ella naci\u00f3 y se crio en Phoenix, Arizona. Gema se interes\u00f3 en la ley de inmigraci\u00f3n y ello ha formado parte de su educaci\u00f3n.Correo electr\u00f3nico:&nbsp;gema@adelayolaw.comAl crecer en un estado fronterizo como Arizona, Gema fue directamente impactada [&hellip;]\" \/>\n<meta property=\"og:url\" content=\"https:\/\/adelayolaw.com\/es\/nuestro-equipo\/gema-soto-diaz\/\" \/>\n<meta property=\"og:site_name\" content=\"Adelayo Law\" \/>\n<meta property=\"article:publisher\" content=\"https:\/\/facebook.com\/adelayolaw\" \/>\n<meta property=\"article:modified_time\" content=\"2022-07-29T23:26:43+00:00\" \/>\n<meta name=\"twitter:card\" content=\"summary_large_image\" \/>\n<meta name=\"twitter:site\" content=\"@DelBamLaw\" \/>\n<meta name=\"twitter:label1\" content=\"Est. reading time\" \/>\n\t<meta name=\"twitter:data1\" content=\"1 minute\" \/>\n<script type=\"application\/ld+json\" class=\"yoast-schema-graph\">{\"@context\":\"https:\/\/schema.org\",\"@graph\":[{\"@type\":\"WebPage\",\"@id\":\"https:\/\/adelayolaw.com\/es\/nuestro-equipo\/gema-soto-diaz\/\",\"url\":\"https:\/\/adelayolaw.com\/es\/nuestro-equipo\/gema-soto-diaz\/\",\"name\":\"Gema Soto Diaz | Adelayo Law | Phoenix, AZ Criminal Law & Immigration Lawyer\",\"isPartOf\":{\"@id\":\"https:\/\/adelayolaw.com\/es\/#website\"},\"datePublished\":\"2018-04-14T05:37:32+00:00\",\"dateModified\":\"2022-07-29T23:26:43+00:00\",\"breadcrumb\":{\"@id\":\"https:\/\/adelayolaw.com\/es\/nuestro-equipo\/gema-soto-diaz\/#breadcrumb\"},\"inLanguage\":\"en-US\",\"potentialAction\":[{\"@type\":\"ReadAction\",\"target\":[\"https:\/\/adelayolaw.com\/es\/nuestro-equipo\/gema-soto-diaz\/\"]}]},{\"@type\":\"BreadcrumbList\",\"@id\":\"https:\/\/adelayolaw.com\/es\/nuestro-equipo\/gema-soto-diaz\/#breadcrumb\",\"itemListElement\":[{\"@type\":\"ListItem\",\"position\":1,\"name\":\"Nuestro Equipo\",\"item\":\"https:\/\/adelayolaw.com\/es\/nuestro-equipo\/\"},{\"@type\":\"ListItem\",\"position\":2,\"name\":\"Gema Soto Diaz\"}]},{\"@type\":\"WebSite\",\"@id\":\"https:\/\/adelayolaw.com\/es\/#website\",\"url\":\"https:\/\/adelayolaw.com\/es\/\",\"name\":\"Adelayo Law\",\"description\":\"\",\"publisher\":{\"@id\":\"https:\/\/adelayolaw.com\/es\/#organization\"},\"potentialAction\":[{\"@type\":\"SearchAction\",\"target\":{\"@type\":\"EntryPoint\",\"urlTemplate\":\"https:\/\/adelayolaw.com\/es\/?s={search_term_string}\"},\"query-input\":{\"@type\":\"PropertyValueSpecification\",\"valueRequired\":true,\"valueName\":\"search_term_string\"}}],\"inLanguage\":\"en-US\"},{\"@type\":\"Organization\",\"@id\":\"https:\/\/adelayolaw.com\/es\/#organization\",\"name\":\"Adelayo Law, PLLC\",\"url\":\"https:\/\/adelayolaw.com\/es\/\",\"logo\":{\"@type\":\"ImageObject\",\"inLanguage\":\"en-US\",\"@id\":\"https:\/\/adelayolaw.com\/es\/#\/schema\/logo\/image\/\",\"url\":\"https:\/\/adelayolaw.com\/es\/wp-content\/uploads\/2022\/08\/logo-3.png\",\"contentUrl\":\"https:\/\/adelayolaw.com\/es\/wp-content\/uploads\/2022\/08\/logo-3.png\",\"width\":2020,\"height\":561,\"caption\":\"Adelayo Law, PLLC\"},\"image\":{\"@id\":\"https:\/\/adelayolaw.com\/es\/#\/schema\/logo\/image\/\"},\"sameAs\":[\"https:\/\/facebook.com\/adelayolaw\",\"https:\/\/x.com\/DelBamLaw\",\"https:\/\/instagram.com\/Adelayo_Law_Firm_\",\"https:\/\/www.tiktok.com\/adelayolawfirm\",\"https:\/\/www.linkedin.com\/in\/bamidele-bami-adelayo-3b426824\/\",\"https:\/\/www.youtube.com\/channel\/UCVS6Ez5TmnrpGmEMS2auJ0w\"]}]}<\/script>\n<!-- \/ Yoast SEO plugin. -->","yoast_head_json":{"title":"Gema Soto Diaz | Adelayo Law | Phoenix, AZ Criminal Law & Immigration Lawyer","robots":{"index":"index","follow":"follow","max-snippet":"max-snippet:-1","max-image-preview":"max-image-preview:large","max-video-preview":"max-video-preview:-1"},"canonical":"https:\/\/adelayolaw.com\/es\/nuestro-equipo\/gema-soto-diaz\/","og_locale":"en_US","og_type":"article","og_title":"Gema Soto Diaz | Adelayo Law | Phoenix, AZ Criminal Law & Immigration Lawyer","og_description":"Gema Soto D\u00edaz, es asistente legal en Adelayo Law Firm, PLLC. Su familia es originaria de Sonora, M\u00e9xico, pero ella naci\u00f3 y se crio en Phoenix, Arizona. Gema se interes\u00f3 en la ley de inmigraci\u00f3n y ello ha formado parte de su educaci\u00f3n.Correo electr\u00f3nico:&nbsp;gema@adelayolaw.comAl crecer en un estado fronterizo como Arizona, Gema fue directamente impactada [&hellip;]","og_url":"https:\/\/adelayolaw.com\/es\/nuestro-equipo\/gema-soto-diaz\/","og_site_name":"Adelayo Law","article_publisher":"https:\/\/facebook.com\/adelayolaw","article_modified_time":"2022-07-29T23:26:43+00:00","twitter_card":"summary_large_image","twitter_site":"@DelBamLaw","twitter_misc":{"Est. reading time":"1 minute"},"schema":{"@context":"https:\/\/schema.org","@graph":[{"@type":"WebPage","@id":"https:\/\/adelayolaw.com\/es\/nuestro-equipo\/gema-soto-diaz\/","url":"https:\/\/adelayolaw.com\/es\/nuestro-equipo\/gema-soto-diaz\/","name":"Gema Soto Diaz | Adelayo Law | Phoenix, AZ Criminal Law & Immigration Lawyer","isPartOf":{"@id":"https:\/\/adelayolaw.com\/es\/#website"},"datePublished":"2018-04-14T05:37:32+00:00","dateModified":"2022-07-29T23:26:43+00:00","breadcrumb":{"@id":"https:\/\/adelayolaw.com\/es\/nuestro-equipo\/gema-soto-diaz\/#breadcrumb"},"inLanguage":"en-US","potentialAction":[{"@type":"ReadAction","target":["https:\/\/adelayolaw.com\/es\/nuestro-equipo\/gema-soto-diaz\/"]}]},{"@type":"BreadcrumbList","@id":"https:\/\/adelayolaw.com\/es\/nuestro-equipo\/gema-soto-diaz\/#breadcrumb","itemListElement":[{"@type":"ListItem","position":1,"name":"Nuestro Equipo","item":"https:\/\/adelayolaw.com\/es\/nuestro-equipo\/"},{"@type":"ListItem","position":2,"name":"Gema Soto Diaz"}]},{"@type":"WebSite","@id":"https:\/\/adelayolaw.com\/es\/#website","url":"https:\/\/adelayolaw.com\/es\/","name":"Adelayo Law","description":"","publisher":{"@id":"https:\/\/adelayolaw.com\/es\/#organization"},"potentialAction":[{"@type":"SearchAction","target":{"@type":"EntryPoint","urlTemplate":"https:\/\/adelayolaw.com\/es\/?s={search_term_string}"},"query-input":{"@type":"PropertyValueSpecification","valueRequired":true,"valueName":"search_term_string"}}],"inLanguage":"en-US"},{"@type":"Organization","@id":"https:\/\/adelayolaw.com\/es\/#organization","name":"Adelayo Law, PLLC","url":"https:\/\/adelayolaw.com\/es\/","logo":{"@type":"ImageObject","inLanguage":"en-US","@id":"https:\/\/adelayolaw.com\/es\/#\/schema\/logo\/image\/","url":"https:\/\/adelayolaw.com\/es\/wp-content\/uploads\/2022\/08\/logo-3.png","contentUrl":"https:\/\/adelayolaw.com\/es\/wp-content\/uploads\/2022\/08\/logo-3.png","width":2020,"height":561,"caption":"Adelayo Law, PLLC"},"image":{"@id":"https:\/\/adelayolaw.com\/es\/#\/schema\/logo\/image\/"},"sameAs":["https:\/\/facebook.com\/adelayolaw","https:\/\/x.com\/DelBamLaw","https:\/\/instagram.com\/Adelayo_Law_Firm_","https:\/\/www.tiktok.com\/adelayolawfirm","https:\/\/www.linkedin.com\/in\/bamidele-bami-adelayo-3b426824\/","https:\/\/www.youtube.com\/channel\/UCVS6Ez5TmnrpGmEMS2auJ0w"]}]}},"_links":{"self":[{"href":"https:\/\/adelayolaw.com\/es\/wp-json\/wp\/v2\/pages\/1215","targetHints":{"allow":["GET"]}}],"collection":[{"href":"https:\/\/adelayolaw.com\/es\/wp-json\/wp\/v2\/pages"}],"about":[{"href":"https:\/\/adelayolaw.com\/es\/wp-json\/wp\/v2\/types\/page"}],"author":[{"embeddable":true,"href":"https:\/\/adelayolaw.com\/es\/wp-json\/wp\/v2\/users\/1"}],"replies":[{"embeddable":true,"href":"https:\/\/adelayolaw.com\/es\/wp-json\/wp\/v2\/comments?post=1215"}],"version-history":[{"count":6,"href":"https:\/\/adelayolaw.com\/es\/wp-json\/wp\/v2\/pages\/1215\/revisions"}],"predecessor-version":[{"id":1400,"href":"https:\/\/adelayolaw.com\/es\/wp-json\/wp\/v2\/pages\/1215\/revisions\/1400"}],"up":[{"embeddable":true,"href":"https:\/\/adelayolaw.com\/es\/wp-json\/wp\/v2\/pages\/31"}],"wp:attachment":[{"href":"https:\/\/adelayolaw.com\/es\/wp-json\/wp\/v2\/media?parent=1215"}],"curies":[{"name":"wp","href":"https:\/\/api.w.org\/{rel}","templated":true}]}}