{"id":1212,"date":"2018-04-14T05:26:59","date_gmt":"2018-04-14T05:26:59","guid":{"rendered":"http:\/\/adelayolaw.com\/?page_id=1212"},"modified":"2022-07-29T23:25:56","modified_gmt":"2022-07-29T23:25:56","slug":"juana-juany-c-matus","status":"publish","type":"page","link":"https:\/\/adelayolaw.com\/es\/nuestro-equipo\/juana-juany-c-matus\/","title":{"rendered":"Juana \u201cJuany\u201d C. Matus"},"content":{"rendered":"<div class=\"vce-row-container\" data-vce-boxed-width=\"true\"><div class=\"vce-row vce-row--col-gap-30 vce-row-equal-height vce-row-content--top\" id=\"el-692ae336\" data-vce-do-apply=\"all el-692ae336\"><div class=\"vce-content-background-container\"><\/div><div class=\"vce-row-content\" data-vce-element-content=\"true\"><div class=\"vce-col vce-col--md-auto vce-col--xs-1 vce-col--xs-last vce-col--xs-first vce-col--sm-last vce-col--sm-first vce-col--md-last vce-col--lg-last vce-col--xl-last vce-col--md-first vce-col--lg-first vce-col--xl-first\" id=\"el-1f7d3a75\"><div class=\"vce-col-inner\" data-vce-do-apply=\"border margin background  el-1f7d3a75\"><div class=\"vce-col-content\" data-vce-element-content=\"true\" data-vce-do-apply=\"padding el-1f7d3a75\"><div class=\"vce-text-block\"><div class=\"vce-text-block-wrapper vce\" id=\"el-6fc0d6f5\" data-vce-do-apply=\"all el-6fc0d6f5\"><div><!-- This site is optimized with the Yoast SEO plugin v19.4 - https:\/\/yoast.com\/wordpress\/plugins\/seo\/ --> <!-- Admin only notice: this page does not show a meta description because it does not have one, either write it for this page specifically or go into the [SEO - Search Appearance] menu and set up a template. --> <!-- \/ Yoast SEO plugin. --><noscript><style>.vce-row-container .vcv-lozad {display: none}<\/style><\/noscript><\/div><div><div id=\"attachment_1213\" class=\"wp-caption alignleft\" style=\"width: 303px;\"><img loading=\"lazy\" decoding=\"async\" class=\"wp-image-1213\" style=\"user-select: auto;\" src=\"httsp:\/\/adelayolaw.com\/es\/wp-content\/uploads\/2018\/04\/team-member-juana-matus.jpg\" sizes=\"auto, (max-width: 293px) 100vw, 293px\" srcset=\"https:\/\/adelayolaw.com\/es\/wp-content\/uploads\/2018\/04\/team-member-juana-matus.jpg 540w, https:\/\/adelayolaw.com\/es\/wp-content\/uploads\/2018\/04\/team-member-juana-matus-200x300.jpg 200w\" alt=\"Juana \u201cJuany\u201d C. Matus, Paralegal and Specialist in Mexican Law\" width=\"293\" height=\"440\" aria-describedby=\"caption-attachment-1213\"><p id=\"caption-attachment-1213\" class=\"wp-caption-text\">Juana \u201cJuany\u201d C. Matus, Paralegal and Specialist in Mexican Law<\/p><\/div><h3 style=\"user-select: auto;\"><span style=\"color: #eb3c16;\"><strong>Juana Matus se mud\u00f3 a los EE. UU. En el 2013 desde Nuevo Le\u00f3n Monterrey, M\u00e9xico. Ella ahora vive en el \u00e1rea de Phoenix. Juana ha sido abogada en M\u00e9xico durante 20 a\u00f1os antes de mudarse a los EE. UU.<\/strong><\/span><\/h3><p>Correo electr\u00f3nico:&nbsp;<a href=\"mailto:juana@adelayolaw.com\">juana@adelayolaw.com<\/a><\/p><hr style=\"user-select: auto;\"><p>Se gradu\u00f3 de la Universidad Aut\u00f3noma de Nuevo Le\u00f3n con un t\u00edtulo en Derecho y Ciencias Jur\u00eddicas. En 1997, Juana obtuvo su Cedula de practicante como Abogada por la oficina de Profesiones de la Secretaria de Educaci\u00f3n en M\u00e9xico. Tiene una licencia profesional federal mexicana y obtuvo una maestr\u00eda en Derecho Constitucional en la Universidad Metropolitana de Monterrey en 2009.<\/p><p>Antes de mudarse a los Estados Unidos en 2013, Juana ejerci\u00f3 el Derecho Constitucional, Corporativo y Comercial en M\u00e9xico. Tambi\u00e9n tiene experiencia en derecho civil, familiar y de inmigraci\u00f3n en M\u00e9xico. Juana trae consigo una gran experiencia en la ley mexicana que beneficia a nuestros clientes mexicanos cuando deben atravesar tr\u00e1mites relacionados con la ley mexicana. Como titular de una licencia de derecho mexicano, Juana tiene el privilegio de ejercer la abogac\u00eda en cualquier parte de M\u00e9xico.<\/p><p>En su tiempo libre, a Juana le gusta cocinar y viajar. Ella habla espa\u00f1ol con fluidez.<\/p><\/div><\/div><\/div><\/div><\/div><\/div><\/div><\/div><\/div>\n","protected":false},"excerpt":{"rendered":"<p>Juana \u201cJuany\u201d C. Matus, Paralegal and Specialist in Mexican LawJuana Matus se mud\u00f3 a los EE. UU. En el 2013 desde Nuevo Le\u00f3n Monterrey, M\u00e9xico. Ella ahora vive en el \u00e1rea de Phoenix. Juana ha sido abogada en M\u00e9xico durante 20 a\u00f1os antes de mudarse a los EE. UU.Correo electr\u00f3nico:&nbsp;juana@adelayolaw.comSe gradu\u00f3 de la Universidad Aut\u00f3noma [&hellip;]<\/p>\n","protected":false},"author":1,"featured_media":0,"parent":31,"menu_order":0,"comment_status":"closed","ping_status":"closed","template":"","meta":{"_acf_changed":false,"footnotes":""},"class_list":["post-1212","page","type-page","status-publish","hentry"],"acf":[],"yoast_head":"<!-- This site is optimized with the Yoast SEO plugin v26.6 - https:\/\/yoast.com\/wordpress\/plugins\/seo\/ -->\n<title>Juana &quot;Juany&quot; Matus | Adelayo Law | Phoenix, AZ Criminal Law &amp; Immigration Lawyer<\/title>\n<meta name=\"robots\" content=\"index, follow, max-snippet:-1, max-image-preview:large, max-video-preview:-1\" \/>\n<link rel=\"canonical\" href=\"https:\/\/adelayolaw.com\/es\/nuestro-equipo\/juana-juany-c-matus\/\" \/>\n<meta property=\"og:locale\" content=\"en_US\" \/>\n<meta property=\"og:type\" content=\"article\" \/>\n<meta property=\"og:title\" content=\"Juana &quot;Juany&quot; Matus | Adelayo Law | Phoenix, AZ Criminal Law &amp; Immigration Lawyer\" \/>\n<meta property=\"og:description\" content=\"Juana \u201cJuany\u201d C. Matus, Paralegal and Specialist in Mexican LawJuana Matus se mud\u00f3 a los EE. UU. En el 2013 desde Nuevo Le\u00f3n Monterrey, M\u00e9xico. Ella ahora vive en el \u00e1rea de Phoenix. Juana ha sido abogada en M\u00e9xico durante 20 a\u00f1os antes de mudarse a los EE. UU.Correo electr\u00f3nico:&nbsp;juana@adelayolaw.comSe gradu\u00f3 de la Universidad Aut\u00f3noma [&hellip;]\" \/>\n<meta property=\"og:url\" content=\"https:\/\/adelayolaw.com\/es\/nuestro-equipo\/juana-juany-c-matus\/\" \/>\n<meta property=\"og:site_name\" content=\"Adelayo Law\" \/>\n<meta property=\"article:publisher\" content=\"https:\/\/facebook.com\/adelayolaw\" \/>\n<meta property=\"article:modified_time\" content=\"2022-07-29T23:25:56+00:00\" \/>\n<meta property=\"og:image\" content=\"\" \/>\n<meta name=\"twitter:card\" content=\"summary_large_image\" \/>\n<meta name=\"twitter:site\" content=\"@DelBamLaw\" \/>\n<meta name=\"twitter:label1\" content=\"Est. reading time\" \/>\n\t<meta name=\"twitter:data1\" content=\"1 minute\" \/>\n<script type=\"application\/ld+json\" class=\"yoast-schema-graph\">{\"@context\":\"https:\/\/schema.org\",\"@graph\":[{\"@type\":\"WebPage\",\"@id\":\"https:\/\/adelayolaw.com\/es\/nuestro-equipo\/juana-juany-c-matus\/\",\"url\":\"https:\/\/adelayolaw.com\/es\/nuestro-equipo\/juana-juany-c-matus\/\",\"name\":\"Juana \\\"Juany\\\" Matus | Adelayo Law | Phoenix, AZ Criminal Law & Immigration Lawyer\",\"isPartOf\":{\"@id\":\"https:\/\/adelayolaw.com\/es\/#website\"},\"primaryImageOfPage\":{\"@id\":\"https:\/\/adelayolaw.com\/es\/nuestro-equipo\/juana-juany-c-matus\/#primaryimage\"},\"image\":{\"@id\":\"https:\/\/adelayolaw.com\/es\/nuestro-equipo\/juana-juany-c-matus\/#primaryimage\"},\"thumbnailUrl\":\"httsp:\/\/adelayolaw.com\/es\/wp-content\/uploads\/2018\/04\/team-member-juana-matus.jpg\",\"datePublished\":\"2018-04-14T05:26:59+00:00\",\"dateModified\":\"2022-07-29T23:25:56+00:00\",\"breadcrumb\":{\"@id\":\"https:\/\/adelayolaw.com\/es\/nuestro-equipo\/juana-juany-c-matus\/#breadcrumb\"},\"inLanguage\":\"en-US\",\"potentialAction\":[{\"@type\":\"ReadAction\",\"target\":[\"https:\/\/adelayolaw.com\/es\/nuestro-equipo\/juana-juany-c-matus\/\"]}]},{\"@type\":\"ImageObject\",\"inLanguage\":\"en-US\",\"@id\":\"https:\/\/adelayolaw.com\/es\/nuestro-equipo\/juana-juany-c-matus\/#primaryimage\",\"url\":\"httsp:\/\/adelayolaw.com\/es\/wp-content\/uploads\/2018\/04\/team-member-juana-matus.jpg\",\"contentUrl\":\"httsp:\/\/adelayolaw.com\/es\/wp-content\/uploads\/2018\/04\/team-member-juana-matus.jpg\"},{\"@type\":\"BreadcrumbList\",\"@id\":\"https:\/\/adelayolaw.com\/es\/nuestro-equipo\/juana-juany-c-matus\/#breadcrumb\",\"itemListElement\":[{\"@type\":\"ListItem\",\"position\":1,\"name\":\"Nuestro Equipo\",\"item\":\"https:\/\/adelayolaw.com\/es\/nuestro-equipo\/\"},{\"@type\":\"ListItem\",\"position\":2,\"name\":\"Juana \u201cJuany\u201d C. Matus\"}]},{\"@type\":\"WebSite\",\"@id\":\"https:\/\/adelayolaw.com\/es\/#website\",\"url\":\"https:\/\/adelayolaw.com\/es\/\",\"name\":\"Adelayo Law\",\"description\":\"\",\"publisher\":{\"@id\":\"https:\/\/adelayolaw.com\/es\/#organization\"},\"potentialAction\":[{\"@type\":\"SearchAction\",\"target\":{\"@type\":\"EntryPoint\",\"urlTemplate\":\"https:\/\/adelayolaw.com\/es\/?s={search_term_string}\"},\"query-input\":{\"@type\":\"PropertyValueSpecification\",\"valueRequired\":true,\"valueName\":\"search_term_string\"}}],\"inLanguage\":\"en-US\"},{\"@type\":\"Organization\",\"@id\":\"https:\/\/adelayolaw.com\/es\/#organization\",\"name\":\"Adelayo Law, PLLC\",\"url\":\"https:\/\/adelayolaw.com\/es\/\",\"logo\":{\"@type\":\"ImageObject\",\"inLanguage\":\"en-US\",\"@id\":\"https:\/\/adelayolaw.com\/es\/#\/schema\/logo\/image\/\",\"url\":\"https:\/\/adelayolaw.com\/es\/wp-content\/uploads\/2022\/08\/logo-3.png\",\"contentUrl\":\"https:\/\/adelayolaw.com\/es\/wp-content\/uploads\/2022\/08\/logo-3.png\",\"width\":2020,\"height\":561,\"caption\":\"Adelayo Law, PLLC\"},\"image\":{\"@id\":\"https:\/\/adelayolaw.com\/es\/#\/schema\/logo\/image\/\"},\"sameAs\":[\"https:\/\/facebook.com\/adelayolaw\",\"https:\/\/x.com\/DelBamLaw\",\"https:\/\/instagram.com\/Adelayo_Law_Firm_\",\"https:\/\/www.tiktok.com\/adelayolawfirm\",\"https:\/\/www.linkedin.com\/in\/bamidele-bami-adelayo-3b426824\/\",\"https:\/\/www.youtube.com\/channel\/UCVS6Ez5TmnrpGmEMS2auJ0w\"]}]}<\/script>\n<!-- \/ Yoast SEO plugin. -->","yoast_head_json":{"title":"Juana \"Juany\" Matus | Adelayo Law | Phoenix, AZ Criminal Law & Immigration Lawyer","robots":{"index":"index","follow":"follow","max-snippet":"max-snippet:-1","max-image-preview":"max-image-preview:large","max-video-preview":"max-video-preview:-1"},"canonical":"https:\/\/adelayolaw.com\/es\/nuestro-equipo\/juana-juany-c-matus\/","og_locale":"en_US","og_type":"article","og_title":"Juana \"Juany\" Matus | Adelayo Law | Phoenix, AZ Criminal Law & Immigration Lawyer","og_description":"Juana \u201cJuany\u201d C. Matus, Paralegal and Specialist in Mexican LawJuana Matus se mud\u00f3 a los EE. UU. En el 2013 desde Nuevo Le\u00f3n Monterrey, M\u00e9xico. Ella ahora vive en el \u00e1rea de Phoenix. Juana ha sido abogada en M\u00e9xico durante 20 a\u00f1os antes de mudarse a los EE. UU.Correo electr\u00f3nico:&nbsp;juana@adelayolaw.comSe gradu\u00f3 de la Universidad Aut\u00f3noma [&hellip;]","og_url":"https:\/\/adelayolaw.com\/es\/nuestro-equipo\/juana-juany-c-matus\/","og_site_name":"Adelayo Law","article_publisher":"https:\/\/facebook.com\/adelayolaw","article_modified_time":"2022-07-29T23:25:56+00:00","og_image":[{"url":"httsp:\/\/adelayolaw.com\/es\/wp-content\/uploads\/2018\/04\/team-member-juana-matus.jpg","type":"","width":"","height":""}],"twitter_card":"summary_large_image","twitter_site":"@DelBamLaw","twitter_misc":{"Est. reading time":"1 minute"},"schema":{"@context":"https:\/\/schema.org","@graph":[{"@type":"WebPage","@id":"https:\/\/adelayolaw.com\/es\/nuestro-equipo\/juana-juany-c-matus\/","url":"https:\/\/adelayolaw.com\/es\/nuestro-equipo\/juana-juany-c-matus\/","name":"Juana \"Juany\" Matus | Adelayo Law | Phoenix, AZ Criminal Law & Immigration Lawyer","isPartOf":{"@id":"https:\/\/adelayolaw.com\/es\/#website"},"primaryImageOfPage":{"@id":"https:\/\/adelayolaw.com\/es\/nuestro-equipo\/juana-juany-c-matus\/#primaryimage"},"image":{"@id":"https:\/\/adelayolaw.com\/es\/nuestro-equipo\/juana-juany-c-matus\/#primaryimage"},"thumbnailUrl":"httsp:\/\/adelayolaw.com\/es\/wp-content\/uploads\/2018\/04\/team-member-juana-matus.jpg","datePublished":"2018-04-14T05:26:59+00:00","dateModified":"2022-07-29T23:25:56+00:00","breadcrumb":{"@id":"https:\/\/adelayolaw.com\/es\/nuestro-equipo\/juana-juany-c-matus\/#breadcrumb"},"inLanguage":"en-US","potentialAction":[{"@type":"ReadAction","target":["https:\/\/adelayolaw.com\/es\/nuestro-equipo\/juana-juany-c-matus\/"]}]},{"@type":"ImageObject","inLanguage":"en-US","@id":"https:\/\/adelayolaw.com\/es\/nuestro-equipo\/juana-juany-c-matus\/#primaryimage","url":"httsp:\/\/adelayolaw.com\/es\/wp-content\/uploads\/2018\/04\/team-member-juana-matus.jpg","contentUrl":"httsp:\/\/adelayolaw.com\/es\/wp-content\/uploads\/2018\/04\/team-member-juana-matus.jpg"},{"@type":"BreadcrumbList","@id":"https:\/\/adelayolaw.com\/es\/nuestro-equipo\/juana-juany-c-matus\/#breadcrumb","itemListElement":[{"@type":"ListItem","position":1,"name":"Nuestro Equipo","item":"https:\/\/adelayolaw.com\/es\/nuestro-equipo\/"},{"@type":"ListItem","position":2,"name":"Juana \u201cJuany\u201d C. Matus"}]},{"@type":"WebSite","@id":"https:\/\/adelayolaw.com\/es\/#website","url":"https:\/\/adelayolaw.com\/es\/","name":"Adelayo Law","description":"","publisher":{"@id":"https:\/\/adelayolaw.com\/es\/#organization"},"potentialAction":[{"@type":"SearchAction","target":{"@type":"EntryPoint","urlTemplate":"https:\/\/adelayolaw.com\/es\/?s={search_term_string}"},"query-input":{"@type":"PropertyValueSpecification","valueRequired":true,"valueName":"search_term_string"}}],"inLanguage":"en-US"},{"@type":"Organization","@id":"https:\/\/adelayolaw.com\/es\/#organization","name":"Adelayo Law, PLLC","url":"https:\/\/adelayolaw.com\/es\/","logo":{"@type":"ImageObject","inLanguage":"en-US","@id":"https:\/\/adelayolaw.com\/es\/#\/schema\/logo\/image\/","url":"https:\/\/adelayolaw.com\/es\/wp-content\/uploads\/2022\/08\/logo-3.png","contentUrl":"https:\/\/adelayolaw.com\/es\/wp-content\/uploads\/2022\/08\/logo-3.png","width":2020,"height":561,"caption":"Adelayo Law, PLLC"},"image":{"@id":"https:\/\/adelayolaw.com\/es\/#\/schema\/logo\/image\/"},"sameAs":["https:\/\/facebook.com\/adelayolaw","https:\/\/x.com\/DelBamLaw","https:\/\/instagram.com\/Adelayo_Law_Firm_","https:\/\/www.tiktok.com\/adelayolawfirm","https:\/\/www.linkedin.com\/in\/bamidele-bami-adelayo-3b426824\/","https:\/\/www.youtube.com\/channel\/UCVS6Ez5TmnrpGmEMS2auJ0w"]}]}},"_links":{"self":[{"href":"https:\/\/adelayolaw.com\/es\/wp-json\/wp\/v2\/pages\/1212","targetHints":{"allow":["GET"]}}],"collection":[{"href":"https:\/\/adelayolaw.com\/es\/wp-json\/wp\/v2\/pages"}],"about":[{"href":"https:\/\/adelayolaw.com\/es\/wp-json\/wp\/v2\/types\/page"}],"author":[{"embeddable":true,"href":"https:\/\/adelayolaw.com\/es\/wp-json\/wp\/v2\/users\/1"}],"replies":[{"embeddable":true,"href":"https:\/\/adelayolaw.com\/es\/wp-json\/wp\/v2\/comments?post=1212"}],"version-history":[{"count":4,"href":"https:\/\/adelayolaw.com\/es\/wp-json\/wp\/v2\/pages\/1212\/revisions"}],"predecessor-version":[{"id":1399,"href":"https:\/\/adelayolaw.com\/es\/wp-json\/wp\/v2\/pages\/1212\/revisions\/1399"}],"up":[{"embeddable":true,"href":"https:\/\/adelayolaw.com\/es\/wp-json\/wp\/v2\/pages\/31"}],"wp:attachment":[{"href":"https:\/\/adelayolaw.com\/es\/wp-json\/wp\/v2\/media?parent=1212"}],"curies":[{"name":"wp","href":"https:\/\/api.w.org\/{rel}","templated":true}]}}