{"id":1159,"date":"2016-07-01T01:34:05","date_gmt":"2016-07-01T01:34:05","guid":{"rendered":"http:\/\/adelayolaw.com\/our-team\/bami-adelayo\/"},"modified":"2022-07-29T23:22:26","modified_gmt":"2022-07-29T23:22:26","slug":"bami-adelayo","status":"publish","type":"page","link":"https:\/\/adelayolaw.com\/es\/nuestro-equipo\/bami-adelayo\/","title":{"rendered":"Bamidele \u2018Bami\u2019 Adelayo"},"content":{"rendered":"<div class=\"vce-row-container\" data-vce-boxed-width=\"true\"><div class=\"vce-row vce-row--col-gap-30 vce-row-equal-height vce-row-content--top\" id=\"el-32d947ff\" data-vce-do-apply=\"all el-32d947ff\"><div class=\"vce-content-background-container\"><\/div><div class=\"vce-row-content\" data-vce-element-content=\"true\"><div class=\"vce-col vce-col--md-auto vce-col--xs-1 vce-col--xs-last vce-col--xs-first vce-col--sm-last vce-col--sm-first vce-col--md-last vce-col--lg-last vce-col--xl-last vce-col--md-first vce-col--lg-first vce-col--xl-first\" id=\"el-432552c6\"><div class=\"vce-col-inner\" data-vce-do-apply=\"border margin background  el-432552c6\"><div class=\"vce-col-content\" data-vce-element-content=\"true\" data-vce-do-apply=\"padding el-432552c6\"><div class=\"vce-text-block\"><div class=\"vce-text-block-wrapper vce\" id=\"el-222eb45e\" data-vce-do-apply=\"all el-222eb45e\"><div id=\"attachment_1320\" style=\"width: 310px\" class=\"wp-caption alignleft\"><img aria-describedby=\"caption-attachment-1320\" loading=\"lazy\" decoding=\"async\" class=\"wp-image-1320 size-medium\" style=\"user-select: auto;\" src=\"https:\/\/adelayolaw.com\/es\/wp-content\/uploads\/2022\/02\/IE9A9711-Edit-300x263.jpg\" alt=\"Bami Adelayo, Managing Attorney\" width=\"300\" height=\"263\" srcset=\"https:\/\/adelayolaw.com\/es\/wp-content\/uploads\/2022\/02\/IE9A9711-Edit-300x263.jpg 300w, https:\/\/adelayolaw.com\/es\/wp-content\/uploads\/2022\/02\/IE9A9711-Edit-768x674.jpg 768w, https:\/\/adelayolaw.com\/es\/wp-content\/uploads\/2022\/02\/IE9A9711-Edit.jpg 912w\" sizes=\"auto, (max-width: 300px) 100vw, 300px\" \/><p id=\"caption-attachment-1320\" class=\"wp-caption-text\">Bami Adelayo, Managing Attorney<\/p><\/div><h3 style=\"user-select: auto;\"><span style=\"color: #eb3c16;\"><strong><span style=\"text-decoration: underline;\">Bamidele Adelayo \u201c\u2019Bami\u201d<\/span> tiene licencia para practicar leyes en Arizona, Illinois, Nueva Jersey y Minnesota. Bami es un experimentado abogado de inmigraci\u00f3n y defensa criminal con una gran pasi\u00f3n por representar a inmigrantes y acusados.<\/strong><\/span><\/h3><p>Correo electr\u00f3nico: &nbsp;<a href=\"mailto:bami@adelayolaw.com\">bami@adelayolaw.com<\/a><\/p><hr style=\"user-select: auto;\"><p>Bami creci\u00f3 en la parte suroeste de Nigeria y habla fluidamente el idioma Yoruba. Obtuvo su licenciatura (LLB) en la Olabisi Onabanjo University (anteriormente conocida como Ogun State University). En los Estados Unidos, obtuvo una Maestr\u00eda y un Doctorado en Derecho Internacional en la Escuela de Leyes de la Universidad Washington en St. Louis, Missouri: Como inmigrante, Bami se ha interesado profundamente en la ley de inmigraci\u00f3n, pasi\u00f3n que se despert\u00f3 mientras asist\u00eda a la escuela de leyes. Su conocimiento en esta \u00e1rea del derecho se ha profundizado enormemente en su pr\u00e1ctica legal continua.<\/p><p><img loading=\"lazy\" decoding=\"async\" class=\"wp-image-1341 alignright\" src=\"https:\/\/adelayolaw.com\/es\/wp-content\/uploads\/2022\/03\/bamidele-adelayo-683x1024.jpeg\" alt=\"\" width=\"433\" height=\"649\" srcset=\"https:\/\/adelayolaw.com\/es\/wp-content\/uploads\/2022\/03\/bamidele-adelayo-683x1024.jpeg 683w, https:\/\/adelayolaw.com\/es\/wp-content\/uploads\/2022\/03\/bamidele-adelayo-200x300.jpeg 200w, https:\/\/adelayolaw.com\/es\/wp-content\/uploads\/2022\/03\/bamidele-adelayo-768x1152.jpeg 768w, https:\/\/adelayolaw.com\/es\/wp-content\/uploads\/2022\/03\/bamidele-adelayo-1024x1536.jpeg 1024w, https:\/\/adelayolaw.com\/es\/wp-content\/uploads\/2022\/03\/bamidele-adelayo-1365x2048.jpeg 1365w, https:\/\/adelayolaw.com\/es\/wp-content\/uploads\/2022\/03\/bamidele-adelayo-scaled.jpeg 1707w\" sizes=\"auto, (max-width: 433px) 100vw, 433px\" \/><\/p><p>Como abogado defensor, trabaj\u00f3 en la Oficina del Defensor P\u00fablico del Estado de Nueva Jersey en representaci\u00f3n de clientes indigentes acusados de delitos graves. Tambi\u00e9n se desempe\u00f1\u00f3 como fiscal en la Oficina del Fiscal del Condado de Will en Illinois. El apasionamiento de Bami por la defensa criminal provino de la combinaci\u00f3n de estas experiencias. \u00c9l ha visto ambas partes para la pr\u00e1ctica criminal: el lado de la acusaci\u00f3n y el lado de la defensa.<\/p><p>Bami entiende las dificultades que tienen que encarar las familias cuando se enfrentan a la aplicaci\u00f3n de la ley. Ya sea por la Agencia de Inmigraci\u00f3n y Control de Aduanas (conocida como \u2018ICE\u2019) o por las agencias policiales que investigan cr\u00edmenes, como los departamentos de polic\u00eda, federales, estatales o locales. \u00c9l ofrece una perspectiva \u00fanica para la pr\u00e1ctica del derecho y en la defensa de sus clientes. Desde el momento en que asume la representaci\u00f3n de un cliente, garantiza su atenci\u00f3n personal y participaci\u00f3n desde el principio hasta el final del caso. \u00c9l proporciona soluciones personalizadas de acuerdo con las necesidades de cada cliente. Bami ha logrado grandes resultados y \u00e9xitos para los clientes. \u00c9l esta verdaderamente convencido que se obtienen mejores resultados cuando pensamos en \u201cun cliente a la vez\u201d. En su tiempo libre, le gusta pasar tiempo con su familia, viajar, entrenar f\u00fatbol, aprender y hablar espa\u00f1ol.<\/p><\/div><\/div><\/div><\/div><\/div><\/div><\/div><\/div>\n","protected":false},"excerpt":{"rendered":"<p>Bamidele Adelayo \u201c\u2019Bami\u201d tiene licencia para practicar leyes en Arizona, Illinois, Nueva Jersey y Minnesota. Bami es un experimentado abogado de inmigraci\u00f3n y defensa criminal con una gran pasi\u00f3n por representar a inmigrantes y acusados.Correo electr\u00f3nico: &nbsp;bami@adelayolaw.comBami creci\u00f3 en la parte suroeste de Nigeria y habla fluidamente el idioma Yoruba. Obtuvo su licenciatura (LLB) en [&hellip;]<\/p>\n","protected":false},"author":1,"featured_media":0,"parent":31,"menu_order":0,"comment_status":"closed","ping_status":"closed","template":"","meta":{"_acf_changed":false,"footnotes":""},"class_list":["post-1159","page","type-page","status-publish","hentry"],"acf":[],"yoast_head":"<!-- This site is optimized with the Yoast SEO plugin v26.6 - https:\/\/yoast.com\/wordpress\/plugins\/seo\/ -->\n<title>Bamidele &quot;Bami&quot; Adelayo | Adelayo Law | Phoenix, AZ Criminal Law &amp; Immigration Lawyer<\/title>\n<meta name=\"robots\" content=\"index, follow, max-snippet:-1, max-image-preview:large, max-video-preview:-1\" \/>\n<link rel=\"canonical\" href=\"https:\/\/adelayolaw.com\/es\/nuestro-equipo\/bami-adelayo\/\" \/>\n<meta property=\"og:locale\" content=\"en_US\" \/>\n<meta property=\"og:type\" content=\"article\" \/>\n<meta property=\"og:title\" content=\"Bamidele &quot;Bami&quot; Adelayo | Adelayo Law | Phoenix, AZ Criminal Law &amp; Immigration Lawyer\" \/>\n<meta property=\"og:description\" content=\"Bamidele Adelayo \u201c\u2019Bami\u201d tiene licencia para practicar leyes en Arizona, Illinois, Nueva Jersey y Minnesota. Bami es un experimentado abogado de inmigraci\u00f3n y defensa criminal con una gran pasi\u00f3n por representar a inmigrantes y acusados.Correo electr\u00f3nico: &nbsp;bami@adelayolaw.comBami creci\u00f3 en la parte suroeste de Nigeria y habla fluidamente el idioma Yoruba. Obtuvo su licenciatura (LLB) en [&hellip;]\" \/>\n<meta property=\"og:url\" content=\"https:\/\/adelayolaw.com\/es\/nuestro-equipo\/bami-adelayo\/\" \/>\n<meta property=\"og:site_name\" content=\"Adelayo Law\" \/>\n<meta property=\"article:publisher\" content=\"https:\/\/facebook.com\/adelayolaw\" \/>\n<meta property=\"article:modified_time\" content=\"2022-07-29T23:22:26+00:00\" \/>\n<meta name=\"twitter:card\" content=\"summary_large_image\" \/>\n<meta name=\"twitter:site\" content=\"@DelBamLaw\" \/>\n<meta name=\"twitter:label1\" content=\"Est. reading time\" \/>\n\t<meta name=\"twitter:data1\" content=\"2 minutes\" \/>\n<script type=\"application\/ld+json\" class=\"yoast-schema-graph\">{\"@context\":\"https:\/\/schema.org\",\"@graph\":[{\"@type\":\"WebPage\",\"@id\":\"https:\/\/adelayolaw.com\/es\/nuestro-equipo\/bami-adelayo\/\",\"url\":\"https:\/\/adelayolaw.com\/es\/nuestro-equipo\/bami-adelayo\/\",\"name\":\"Bamidele \\\"Bami\\\" Adelayo | Adelayo Law | Phoenix, AZ Criminal Law & Immigration Lawyer\",\"isPartOf\":{\"@id\":\"https:\/\/adelayolaw.com\/es\/#website\"},\"datePublished\":\"2016-07-01T01:34:05+00:00\",\"dateModified\":\"2022-07-29T23:22:26+00:00\",\"breadcrumb\":{\"@id\":\"https:\/\/adelayolaw.com\/es\/nuestro-equipo\/bami-adelayo\/#breadcrumb\"},\"inLanguage\":\"en-US\",\"potentialAction\":[{\"@type\":\"ReadAction\",\"target\":[\"https:\/\/adelayolaw.com\/es\/nuestro-equipo\/bami-adelayo\/\"]}]},{\"@type\":\"BreadcrumbList\",\"@id\":\"https:\/\/adelayolaw.com\/es\/nuestro-equipo\/bami-adelayo\/#breadcrumb\",\"itemListElement\":[{\"@type\":\"ListItem\",\"position\":1,\"name\":\"Nuestro Equipo\",\"item\":\"https:\/\/adelayolaw.com\/es\/nuestro-equipo\/\"},{\"@type\":\"ListItem\",\"position\":2,\"name\":\"Bamidele \u2018Bami\u2019 Adelayo\"}]},{\"@type\":\"WebSite\",\"@id\":\"https:\/\/adelayolaw.com\/es\/#website\",\"url\":\"https:\/\/adelayolaw.com\/es\/\",\"name\":\"Adelayo Law\",\"description\":\"\",\"publisher\":{\"@id\":\"https:\/\/adelayolaw.com\/es\/#organization\"},\"potentialAction\":[{\"@type\":\"SearchAction\",\"target\":{\"@type\":\"EntryPoint\",\"urlTemplate\":\"https:\/\/adelayolaw.com\/es\/?s={search_term_string}\"},\"query-input\":{\"@type\":\"PropertyValueSpecification\",\"valueRequired\":true,\"valueName\":\"search_term_string\"}}],\"inLanguage\":\"en-US\"},{\"@type\":\"Organization\",\"@id\":\"https:\/\/adelayolaw.com\/es\/#organization\",\"name\":\"Adelayo Law, PLLC\",\"url\":\"https:\/\/adelayolaw.com\/es\/\",\"logo\":{\"@type\":\"ImageObject\",\"inLanguage\":\"en-US\",\"@id\":\"https:\/\/adelayolaw.com\/es\/#\/schema\/logo\/image\/\",\"url\":\"https:\/\/adelayolaw.com\/es\/wp-content\/uploads\/2022\/08\/logo-3.png\",\"contentUrl\":\"https:\/\/adelayolaw.com\/es\/wp-content\/uploads\/2022\/08\/logo-3.png\",\"width\":2020,\"height\":561,\"caption\":\"Adelayo Law, PLLC\"},\"image\":{\"@id\":\"https:\/\/adelayolaw.com\/es\/#\/schema\/logo\/image\/\"},\"sameAs\":[\"https:\/\/facebook.com\/adelayolaw\",\"https:\/\/x.com\/DelBamLaw\",\"https:\/\/instagram.com\/Adelayo_Law_Firm_\",\"https:\/\/www.tiktok.com\/adelayolawfirm\",\"https:\/\/www.linkedin.com\/in\/bamidele-bami-adelayo-3b426824\/\",\"https:\/\/www.youtube.com\/channel\/UCVS6Ez5TmnrpGmEMS2auJ0w\"]}]}<\/script>\n<!-- \/ Yoast SEO plugin. -->","yoast_head_json":{"title":"Bamidele \"Bami\" Adelayo | Adelayo Law | Phoenix, AZ Criminal Law & Immigration Lawyer","robots":{"index":"index","follow":"follow","max-snippet":"max-snippet:-1","max-image-preview":"max-image-preview:large","max-video-preview":"max-video-preview:-1"},"canonical":"https:\/\/adelayolaw.com\/es\/nuestro-equipo\/bami-adelayo\/","og_locale":"en_US","og_type":"article","og_title":"Bamidele \"Bami\" Adelayo | Adelayo Law | Phoenix, AZ Criminal Law & Immigration Lawyer","og_description":"Bamidele Adelayo \u201c\u2019Bami\u201d tiene licencia para practicar leyes en Arizona, Illinois, Nueva Jersey y Minnesota. Bami es un experimentado abogado de inmigraci\u00f3n y defensa criminal con una gran pasi\u00f3n por representar a inmigrantes y acusados.Correo electr\u00f3nico: &nbsp;bami@adelayolaw.comBami creci\u00f3 en la parte suroeste de Nigeria y habla fluidamente el idioma Yoruba. Obtuvo su licenciatura (LLB) en [&hellip;]","og_url":"https:\/\/adelayolaw.com\/es\/nuestro-equipo\/bami-adelayo\/","og_site_name":"Adelayo Law","article_publisher":"https:\/\/facebook.com\/adelayolaw","article_modified_time":"2022-07-29T23:22:26+00:00","twitter_card":"summary_large_image","twitter_site":"@DelBamLaw","twitter_misc":{"Est. reading time":"2 minutes"},"schema":{"@context":"https:\/\/schema.org","@graph":[{"@type":"WebPage","@id":"https:\/\/adelayolaw.com\/es\/nuestro-equipo\/bami-adelayo\/","url":"https:\/\/adelayolaw.com\/es\/nuestro-equipo\/bami-adelayo\/","name":"Bamidele \"Bami\" Adelayo | Adelayo Law | Phoenix, AZ Criminal Law & Immigration Lawyer","isPartOf":{"@id":"https:\/\/adelayolaw.com\/es\/#website"},"datePublished":"2016-07-01T01:34:05+00:00","dateModified":"2022-07-29T23:22:26+00:00","breadcrumb":{"@id":"https:\/\/adelayolaw.com\/es\/nuestro-equipo\/bami-adelayo\/#breadcrumb"},"inLanguage":"en-US","potentialAction":[{"@type":"ReadAction","target":["https:\/\/adelayolaw.com\/es\/nuestro-equipo\/bami-adelayo\/"]}]},{"@type":"BreadcrumbList","@id":"https:\/\/adelayolaw.com\/es\/nuestro-equipo\/bami-adelayo\/#breadcrumb","itemListElement":[{"@type":"ListItem","position":1,"name":"Nuestro Equipo","item":"https:\/\/adelayolaw.com\/es\/nuestro-equipo\/"},{"@type":"ListItem","position":2,"name":"Bamidele \u2018Bami\u2019 Adelayo"}]},{"@type":"WebSite","@id":"https:\/\/adelayolaw.com\/es\/#website","url":"https:\/\/adelayolaw.com\/es\/","name":"Adelayo Law","description":"","publisher":{"@id":"https:\/\/adelayolaw.com\/es\/#organization"},"potentialAction":[{"@type":"SearchAction","target":{"@type":"EntryPoint","urlTemplate":"https:\/\/adelayolaw.com\/es\/?s={search_term_string}"},"query-input":{"@type":"PropertyValueSpecification","valueRequired":true,"valueName":"search_term_string"}}],"inLanguage":"en-US"},{"@type":"Organization","@id":"https:\/\/adelayolaw.com\/es\/#organization","name":"Adelayo Law, PLLC","url":"https:\/\/adelayolaw.com\/es\/","logo":{"@type":"ImageObject","inLanguage":"en-US","@id":"https:\/\/adelayolaw.com\/es\/#\/schema\/logo\/image\/","url":"https:\/\/adelayolaw.com\/es\/wp-content\/uploads\/2022\/08\/logo-3.png","contentUrl":"https:\/\/adelayolaw.com\/es\/wp-content\/uploads\/2022\/08\/logo-3.png","width":2020,"height":561,"caption":"Adelayo Law, PLLC"},"image":{"@id":"https:\/\/adelayolaw.com\/es\/#\/schema\/logo\/image\/"},"sameAs":["https:\/\/facebook.com\/adelayolaw","https:\/\/x.com\/DelBamLaw","https:\/\/instagram.com\/Adelayo_Law_Firm_","https:\/\/www.tiktok.com\/adelayolawfirm","https:\/\/www.linkedin.com\/in\/bamidele-bami-adelayo-3b426824\/","https:\/\/www.youtube.com\/channel\/UCVS6Ez5TmnrpGmEMS2auJ0w"]}]}},"_links":{"self":[{"href":"https:\/\/adelayolaw.com\/es\/wp-json\/wp\/v2\/pages\/1159","targetHints":{"allow":["GET"]}}],"collection":[{"href":"https:\/\/adelayolaw.com\/es\/wp-json\/wp\/v2\/pages"}],"about":[{"href":"https:\/\/adelayolaw.com\/es\/wp-json\/wp\/v2\/types\/page"}],"author":[{"embeddable":true,"href":"https:\/\/adelayolaw.com\/es\/wp-json\/wp\/v2\/users\/1"}],"replies":[{"embeddable":true,"href":"https:\/\/adelayolaw.com\/es\/wp-json\/wp\/v2\/comments?post=1159"}],"version-history":[{"count":16,"href":"https:\/\/adelayolaw.com\/es\/wp-json\/wp\/v2\/pages\/1159\/revisions"}],"predecessor-version":[{"id":1395,"href":"https:\/\/adelayolaw.com\/es\/wp-json\/wp\/v2\/pages\/1159\/revisions\/1395"}],"up":[{"embeddable":true,"href":"https:\/\/adelayolaw.com\/es\/wp-json\/wp\/v2\/pages\/31"}],"wp:attachment":[{"href":"https:\/\/adelayolaw.com\/es\/wp-json\/wp\/v2\/media?parent=1159"}],"curies":[{"name":"wp","href":"https:\/\/api.w.org\/{rel}","templated":true}]}}