{"id":1157,"date":"2016-07-01T01:34:05","date_gmt":"2016-07-01T01:34:05","guid":{"rendered":"http:\/\/adelayolaw.com\/our-team\/dennise-leatherman\/"},"modified":"2022-07-29T23:23:23","modified_gmt":"2022-07-29T23:23:23","slug":"dennise-leatherman-gonzalez","status":"publish","type":"page","link":"https:\/\/adelayolaw.com\/es\/nuestro-equipo\/dennise-leatherman-gonzalez\/","title":{"rendered":"Dennise Leatherman-Gonzalez"},"content":{"rendered":"<div class=\"vce-row-container\" data-vce-boxed-width=\"true\"><div class=\"vce-row vce-row--col-gap-30 vce-row-equal-height vce-row-content--top\" id=\"el-e2def13e\" data-vce-do-apply=\"all el-e2def13e\"><div class=\"vce-content-background-container\"><\/div><div class=\"vce-row-content\" data-vce-element-content=\"true\"><div class=\"vce-col vce-col--md-auto vce-col--xs-1 vce-col--xs-last vce-col--xs-first vce-col--sm-last vce-col--sm-first vce-col--md-last vce-col--lg-last vce-col--xl-last vce-col--md-first vce-col--lg-first vce-col--xl-first\" id=\"el-3e615c20\"><div class=\"vce-col-inner\" data-vce-do-apply=\"border margin background  el-3e615c20\"><div class=\"vce-col-content\" data-vce-element-content=\"true\" data-vce-do-apply=\"padding el-3e615c20\"><div class=\"vce-text-block\"><div class=\"vce-text-block-wrapper vce\" id=\"el-c128d933\" data-vce-do-apply=\"all el-c128d933\"><div id=\"attachment_1161\" style=\"width: 260px\" class=\"wp-caption alignleft\"><img aria-describedby=\"caption-attachment-1161\" loading=\"lazy\" decoding=\"async\" class=\"wp-image-1161 size-full\" style=\"user-select: auto;\" title=\"Dennise Leatherman, Paralegal\" src=\"https:\/\/adelayolaw.com\/es\/wp-content\/uploads\/2016\/07\/team-member-dennise.jpg\" alt=\"Dennise Leatherman, Paralegal\" width=\"250\" height=\"375\" srcset=\"https:\/\/adelayolaw.com\/es\/wp-content\/uploads\/2016\/07\/team-member-dennise.jpg 250w, https:\/\/adelayolaw.com\/es\/wp-content\/uploads\/2016\/07\/team-member-dennise-200x300.jpg 200w\" sizes=\"auto, (max-width: 250px) 100vw, 250px\" \/><p id=\"caption-attachment-1161\" class=\"wp-caption-text\">Dennise Leatherman, Paralegal<\/p><\/div><h3 style=\"user-select: auto;\"><span style=\"color: #eb3c16;\"><strong>Dennise Leatherman Gonzalez es asistente legal y ella obtuvo una licenciatura de Leyes en la Universidad Dominicana, en River Forest, Illinois.<\/strong><\/span><\/h3><hr style=\"user-select: auto;\"><p>Dennise naci\u00f3 y se cri\u00f3 en la peque\u00f1a ciudad fronteriza de Douglas, Arizona, y habla espa\u00f1ol con fluidez. Dennise es el miembro con m\u00e1s a\u00f1os trabajando en nuestra firma. Venir de una ciudad fronteriza y de origen mexicano, inspir\u00f3 a Dennise a aprender m\u00e1s sobre inmigraci\u00f3n y asuntos criminales en los Estados Unidos. Estos problemas han tenido un impacto directo en sus amigos y familiares.<\/p><p>Dennise tiene experiencia en las \u00e1reas de inmigraci\u00f3n, defensa criminal, DUI, lesiones personales, planificaci\u00f3n patrimonial y derecho familiar. Dennise es h\u00e1bil para ayudar a las personas y su trabajo es apasionante. Su tiempo libre, le gusta disfrutarlo con su familia y viajar<\/p><\/div><\/div><\/div><\/div><\/div><\/div><\/div><\/div>\n","protected":false},"excerpt":{"rendered":"<p>Dennise Leatherman Gonzalez es asistente legal y ella obtuvo una licenciatura de Leyes en la Universidad Dominicana, en River Forest, Illinois.Dennise naci\u00f3 y se cri\u00f3 en la peque\u00f1a ciudad fronteriza de Douglas, Arizona, y habla espa\u00f1ol con fluidez. Dennise es el miembro con m\u00e1s a\u00f1os trabajando en nuestra firma. Venir de una ciudad fronteriza y [&hellip;]<\/p>\n","protected":false},"author":1,"featured_media":0,"parent":31,"menu_order":2,"comment_status":"closed","ping_status":"closed","template":"","meta":{"_acf_changed":false,"footnotes":""},"class_list":["post-1157","page","type-page","status-publish","hentry"],"acf":[],"yoast_head":"<!-- This site is optimized with the Yoast SEO plugin v26.6 - https:\/\/yoast.com\/wordpress\/plugins\/seo\/ -->\n<title>Dennise Leatherman-Gonzalez | Adelayo Law | Phoenix, AZ Criminal Law &amp; Immigration Lawyer<\/title>\n<meta name=\"robots\" content=\"index, follow, max-snippet:-1, max-image-preview:large, max-video-preview:-1\" \/>\n<link rel=\"canonical\" href=\"https:\/\/adelayolaw.com\/es\/nuestro-equipo\/dennise-leatherman-gonzalez\/\" \/>\n<meta property=\"og:locale\" content=\"en_US\" \/>\n<meta property=\"og:type\" content=\"article\" \/>\n<meta property=\"og:title\" content=\"Dennise Leatherman-Gonzalez | Adelayo Law | Phoenix, AZ Criminal Law &amp; Immigration Lawyer\" \/>\n<meta property=\"og:description\" content=\"Dennise Leatherman Gonzalez es asistente legal y ella obtuvo una licenciatura de Leyes en la Universidad Dominicana, en River Forest, Illinois.Dennise naci\u00f3 y se cri\u00f3 en la peque\u00f1a ciudad fronteriza de Douglas, Arizona, y habla espa\u00f1ol con fluidez. Dennise es el miembro con m\u00e1s a\u00f1os trabajando en nuestra firma. Venir de una ciudad fronteriza y [&hellip;]\" \/>\n<meta property=\"og:url\" content=\"https:\/\/adelayolaw.com\/es\/nuestro-equipo\/dennise-leatherman-gonzalez\/\" \/>\n<meta property=\"og:site_name\" content=\"Adelayo Law\" \/>\n<meta property=\"article:publisher\" content=\"https:\/\/facebook.com\/adelayolaw\" \/>\n<meta property=\"article:modified_time\" content=\"2022-07-29T23:23:23+00:00\" \/>\n<meta name=\"twitter:card\" content=\"summary_large_image\" \/>\n<meta name=\"twitter:site\" content=\"@DelBamLaw\" \/>\n<meta name=\"twitter:label1\" content=\"Est. reading time\" \/>\n\t<meta name=\"twitter:data1\" content=\"1 minute\" \/>\n<script type=\"application\/ld+json\" class=\"yoast-schema-graph\">{\"@context\":\"https:\/\/schema.org\",\"@graph\":[{\"@type\":\"WebPage\",\"@id\":\"https:\/\/adelayolaw.com\/es\/nuestro-equipo\/dennise-leatherman-gonzalez\/\",\"url\":\"https:\/\/adelayolaw.com\/es\/nuestro-equipo\/dennise-leatherman-gonzalez\/\",\"name\":\"Dennise Leatherman-Gonzalez | Adelayo Law | Phoenix, AZ Criminal Law & Immigration Lawyer\",\"isPartOf\":{\"@id\":\"https:\/\/adelayolaw.com\/es\/#website\"},\"datePublished\":\"2016-07-01T01:34:05+00:00\",\"dateModified\":\"2022-07-29T23:23:23+00:00\",\"breadcrumb\":{\"@id\":\"https:\/\/adelayolaw.com\/es\/nuestro-equipo\/dennise-leatherman-gonzalez\/#breadcrumb\"},\"inLanguage\":\"en-US\",\"potentialAction\":[{\"@type\":\"ReadAction\",\"target\":[\"https:\/\/adelayolaw.com\/es\/nuestro-equipo\/dennise-leatherman-gonzalez\/\"]}]},{\"@type\":\"BreadcrumbList\",\"@id\":\"https:\/\/adelayolaw.com\/es\/nuestro-equipo\/dennise-leatherman-gonzalez\/#breadcrumb\",\"itemListElement\":[{\"@type\":\"ListItem\",\"position\":1,\"name\":\"Nuestro Equipo\",\"item\":\"https:\/\/adelayolaw.com\/es\/nuestro-equipo\/\"},{\"@type\":\"ListItem\",\"position\":2,\"name\":\"Dennise Leatherman-Gonzalez\"}]},{\"@type\":\"WebSite\",\"@id\":\"https:\/\/adelayolaw.com\/es\/#website\",\"url\":\"https:\/\/adelayolaw.com\/es\/\",\"name\":\"Adelayo Law\",\"description\":\"\",\"publisher\":{\"@id\":\"https:\/\/adelayolaw.com\/es\/#organization\"},\"potentialAction\":[{\"@type\":\"SearchAction\",\"target\":{\"@type\":\"EntryPoint\",\"urlTemplate\":\"https:\/\/adelayolaw.com\/es\/?s={search_term_string}\"},\"query-input\":{\"@type\":\"PropertyValueSpecification\",\"valueRequired\":true,\"valueName\":\"search_term_string\"}}],\"inLanguage\":\"en-US\"},{\"@type\":\"Organization\",\"@id\":\"https:\/\/adelayolaw.com\/es\/#organization\",\"name\":\"Adelayo Law, PLLC\",\"url\":\"https:\/\/adelayolaw.com\/es\/\",\"logo\":{\"@type\":\"ImageObject\",\"inLanguage\":\"en-US\",\"@id\":\"https:\/\/adelayolaw.com\/es\/#\/schema\/logo\/image\/\",\"url\":\"https:\/\/adelayolaw.com\/es\/wp-content\/uploads\/2022\/08\/logo-3.png\",\"contentUrl\":\"https:\/\/adelayolaw.com\/es\/wp-content\/uploads\/2022\/08\/logo-3.png\",\"width\":2020,\"height\":561,\"caption\":\"Adelayo Law, PLLC\"},\"image\":{\"@id\":\"https:\/\/adelayolaw.com\/es\/#\/schema\/logo\/image\/\"},\"sameAs\":[\"https:\/\/facebook.com\/adelayolaw\",\"https:\/\/x.com\/DelBamLaw\",\"https:\/\/instagram.com\/Adelayo_Law_Firm_\",\"https:\/\/www.tiktok.com\/adelayolawfirm\",\"https:\/\/www.linkedin.com\/in\/bamidele-bami-adelayo-3b426824\/\",\"https:\/\/www.youtube.com\/channel\/UCVS6Ez5TmnrpGmEMS2auJ0w\"]}]}<\/script>\n<!-- \/ Yoast SEO plugin. -->","yoast_head_json":{"title":"Dennise Leatherman-Gonzalez | Adelayo Law | Phoenix, AZ Criminal Law & Immigration Lawyer","robots":{"index":"index","follow":"follow","max-snippet":"max-snippet:-1","max-image-preview":"max-image-preview:large","max-video-preview":"max-video-preview:-1"},"canonical":"https:\/\/adelayolaw.com\/es\/nuestro-equipo\/dennise-leatherman-gonzalez\/","og_locale":"en_US","og_type":"article","og_title":"Dennise Leatherman-Gonzalez | Adelayo Law | Phoenix, AZ Criminal Law & Immigration Lawyer","og_description":"Dennise Leatherman Gonzalez es asistente legal y ella obtuvo una licenciatura de Leyes en la Universidad Dominicana, en River Forest, Illinois.Dennise naci\u00f3 y se cri\u00f3 en la peque\u00f1a ciudad fronteriza de Douglas, Arizona, y habla espa\u00f1ol con fluidez. Dennise es el miembro con m\u00e1s a\u00f1os trabajando en nuestra firma. Venir de una ciudad fronteriza y [&hellip;]","og_url":"https:\/\/adelayolaw.com\/es\/nuestro-equipo\/dennise-leatherman-gonzalez\/","og_site_name":"Adelayo Law","article_publisher":"https:\/\/facebook.com\/adelayolaw","article_modified_time":"2022-07-29T23:23:23+00:00","twitter_card":"summary_large_image","twitter_site":"@DelBamLaw","twitter_misc":{"Est. reading time":"1 minute"},"schema":{"@context":"https:\/\/schema.org","@graph":[{"@type":"WebPage","@id":"https:\/\/adelayolaw.com\/es\/nuestro-equipo\/dennise-leatherman-gonzalez\/","url":"https:\/\/adelayolaw.com\/es\/nuestro-equipo\/dennise-leatherman-gonzalez\/","name":"Dennise Leatherman-Gonzalez | Adelayo Law | Phoenix, AZ Criminal Law & Immigration Lawyer","isPartOf":{"@id":"https:\/\/adelayolaw.com\/es\/#website"},"datePublished":"2016-07-01T01:34:05+00:00","dateModified":"2022-07-29T23:23:23+00:00","breadcrumb":{"@id":"https:\/\/adelayolaw.com\/es\/nuestro-equipo\/dennise-leatherman-gonzalez\/#breadcrumb"},"inLanguage":"en-US","potentialAction":[{"@type":"ReadAction","target":["https:\/\/adelayolaw.com\/es\/nuestro-equipo\/dennise-leatherman-gonzalez\/"]}]},{"@type":"BreadcrumbList","@id":"https:\/\/adelayolaw.com\/es\/nuestro-equipo\/dennise-leatherman-gonzalez\/#breadcrumb","itemListElement":[{"@type":"ListItem","position":1,"name":"Nuestro Equipo","item":"https:\/\/adelayolaw.com\/es\/nuestro-equipo\/"},{"@type":"ListItem","position":2,"name":"Dennise Leatherman-Gonzalez"}]},{"@type":"WebSite","@id":"https:\/\/adelayolaw.com\/es\/#website","url":"https:\/\/adelayolaw.com\/es\/","name":"Adelayo Law","description":"","publisher":{"@id":"https:\/\/adelayolaw.com\/es\/#organization"},"potentialAction":[{"@type":"SearchAction","target":{"@type":"EntryPoint","urlTemplate":"https:\/\/adelayolaw.com\/es\/?s={search_term_string}"},"query-input":{"@type":"PropertyValueSpecification","valueRequired":true,"valueName":"search_term_string"}}],"inLanguage":"en-US"},{"@type":"Organization","@id":"https:\/\/adelayolaw.com\/es\/#organization","name":"Adelayo Law, PLLC","url":"https:\/\/adelayolaw.com\/es\/","logo":{"@type":"ImageObject","inLanguage":"en-US","@id":"https:\/\/adelayolaw.com\/es\/#\/schema\/logo\/image\/","url":"https:\/\/adelayolaw.com\/es\/wp-content\/uploads\/2022\/08\/logo-3.png","contentUrl":"https:\/\/adelayolaw.com\/es\/wp-content\/uploads\/2022\/08\/logo-3.png","width":2020,"height":561,"caption":"Adelayo Law, PLLC"},"image":{"@id":"https:\/\/adelayolaw.com\/es\/#\/schema\/logo\/image\/"},"sameAs":["https:\/\/facebook.com\/adelayolaw","https:\/\/x.com\/DelBamLaw","https:\/\/instagram.com\/Adelayo_Law_Firm_","https:\/\/www.tiktok.com\/adelayolawfirm","https:\/\/www.linkedin.com\/in\/bamidele-bami-adelayo-3b426824\/","https:\/\/www.youtube.com\/channel\/UCVS6Ez5TmnrpGmEMS2auJ0w"]}]}},"_links":{"self":[{"href":"https:\/\/adelayolaw.com\/es\/wp-json\/wp\/v2\/pages\/1157","targetHints":{"allow":["GET"]}}],"collection":[{"href":"https:\/\/adelayolaw.com\/es\/wp-json\/wp\/v2\/pages"}],"about":[{"href":"https:\/\/adelayolaw.com\/es\/wp-json\/wp\/v2\/types\/page"}],"author":[{"embeddable":true,"href":"https:\/\/adelayolaw.com\/es\/wp-json\/wp\/v2\/users\/1"}],"replies":[{"embeddable":true,"href":"https:\/\/adelayolaw.com\/es\/wp-json\/wp\/v2\/comments?post=1157"}],"version-history":[{"count":5,"href":"https:\/\/adelayolaw.com\/es\/wp-json\/wp\/v2\/pages\/1157\/revisions"}],"predecessor-version":[{"id":1396,"href":"https:\/\/adelayolaw.com\/es\/wp-json\/wp\/v2\/pages\/1157\/revisions\/1396"}],"up":[{"embeddable":true,"href":"https:\/\/adelayolaw.com\/es\/wp-json\/wp\/v2\/pages\/31"}],"wp:attachment":[{"href":"https:\/\/adelayolaw.com\/es\/wp-json\/wp\/v2\/media?parent=1157"}],"curies":[{"name":"wp","href":"https:\/\/api.w.org\/{rel}","templated":true}]}}