{"id":1156,"date":"2016-07-01T01:34:05","date_gmt":"2016-07-01T01:34:05","guid":{"rendered":"http:\/\/adelayolaw.com\/our-team\/marlen-velasquez\/"},"modified":"2022-07-29T23:24:03","modified_gmt":"2022-07-29T23:24:03","slug":"marlen-vazquez","status":"publish","type":"page","link":"https:\/\/adelayolaw.com\/es\/nuestro-equipo\/marlen-vazquez\/","title":{"rendered":"Marlen Vazquez"},"content":{"rendered":"<div class=\"vce-row-container\" data-vce-boxed-width=\"true\"><div class=\"vce-row vce-row--col-gap-30 vce-row-equal-height vce-row-content--top\" id=\"el-dfac90e3\" data-vce-do-apply=\"all el-dfac90e3\"><div class=\"vce-content-background-container\"><\/div><div class=\"vce-row-content\" data-vce-element-content=\"true\"><div class=\"vce-col vce-col--md-auto vce-col--xs-1 vce-col--xs-last vce-col--xs-first vce-col--sm-last vce-col--sm-first vce-col--md-last vce-col--lg-last vce-col--xl-last vce-col--md-first vce-col--lg-first vce-col--xl-first\" id=\"el-a4ba0dbe\"><div class=\"vce-col-inner\" data-vce-do-apply=\"border margin background  el-a4ba0dbe\"><div class=\"vce-col-content\" data-vce-element-content=\"true\" data-vce-do-apply=\"padding el-a4ba0dbe\"><div class=\"vce-text-block\"><div class=\"vce-text-block-wrapper vce\" id=\"el-080c28d5\" data-vce-do-apply=\"all el-080c28d5\"><div id=\"attachment_1162\" style=\"width: 260px\" class=\"wp-caption alignleft\"><img aria-describedby=\"caption-attachment-1162\" loading=\"lazy\" decoding=\"async\" class=\"wp-image-1162 size-full\" style=\"user-select: auto;\" title=\"Marlen Vazquez, Office Manager\" src=\"https:\/\/adelayolaw.com\/es\/wp-content\/uploads\/2016\/07\/team-member-marlen.jpg\" alt=\"Marlen Vazquez, Office Manager\" width=\"250\" height=\"375\" srcset=\"https:\/\/adelayolaw.com\/es\/wp-content\/uploads\/2016\/07\/team-member-marlen.jpg 250w, https:\/\/adelayolaw.com\/es\/wp-content\/uploads\/2016\/07\/team-member-marlen-200x300.jpg 200w\" sizes=\"auto, (max-width: 250px) 100vw, 250px\" \/><p id=\"caption-attachment-1162\" class=\"wp-caption-text\">Marlen Vazquez, Office Manager<\/p><\/div><h3 style=\"user-select: auto;\"><strong><span style=\"color: #eb3c16;\">Marlen V\u00e1zquez naci\u00f3 en Jalisco, M\u00e9xico. En la b\u00fasqueda del \u2018Sue\u00f1o Americano\u2019, ella y su familia se mudaron a los Estados Unidos cuando apenas ten\u00eda un a\u00f1o. Ella es miembro de la primera generaci\u00f3n de beneficiarios de DACA en Arizona.<\/span><\/strong><\/h3><hr style=\"user-select: auto;\"><p>Marlen comenz\u00f3 como pasante en el bufete de abogados Adelayo Law Firm, PLLC antes de convertirse eventualmente en miembro de la firma. Adem\u00e1s de ayudar a los clientes de la empresa, Marlen tambi\u00e9n es el gerente administrativo de la oficina.<\/p><p>La pasi\u00f3n de Marlen por impactar en la vida de las personas es lo que motiva su trabajo. Ella aprecia mucho la oportunidad de contribuir a su comunidad. Marlen habla espa\u00f1ol con fluidez. En su tiempo libre le gusta jugar f\u00fatbol y viajar.<\/p><\/div><\/div><\/div><\/div><\/div><\/div><\/div><\/div>\n","protected":false},"excerpt":{"rendered":"<p>Marlen V\u00e1zquez naci\u00f3 en Jalisco, M\u00e9xico. En la b\u00fasqueda del \u2018Sue\u00f1o Americano\u2019, ella y su familia se mudaron a los Estados Unidos cuando apenas ten\u00eda un a\u00f1o. Ella es miembro de la primera generaci\u00f3n de beneficiarios de DACA en Arizona.Marlen comenz\u00f3 como pasante en el bufete de abogados Adelayo Law Firm, PLLC antes de convertirse [&hellip;]<\/p>\n","protected":false},"author":1,"featured_media":0,"parent":31,"menu_order":3,"comment_status":"closed","ping_status":"closed","template":"","meta":{"_acf_changed":false,"footnotes":""},"class_list":["post-1156","page","type-page","status-publish","hentry"],"acf":[],"yoast_head":"<!-- This site is optimized with the Yoast SEO plugin v26.6 - https:\/\/yoast.com\/wordpress\/plugins\/seo\/ -->\n<title>Marlen Vezquez | Adelayo Law | Phoenix, AZ Criminal Law &amp; Immigration Lawyer<\/title>\n<meta name=\"robots\" content=\"index, follow, max-snippet:-1, max-image-preview:large, max-video-preview:-1\" \/>\n<link rel=\"canonical\" href=\"https:\/\/adelayolaw.com\/es\/nuestro-equipo\/marlen-vazquez\/\" \/>\n<meta property=\"og:locale\" content=\"en_US\" \/>\n<meta property=\"og:type\" content=\"article\" \/>\n<meta property=\"og:title\" content=\"Marlen Vezquez | Adelayo Law | Phoenix, AZ Criminal Law &amp; Immigration Lawyer\" \/>\n<meta property=\"og:description\" content=\"Marlen V\u00e1zquez naci\u00f3 en Jalisco, M\u00e9xico. En la b\u00fasqueda del \u2018Sue\u00f1o Americano\u2019, ella y su familia se mudaron a los Estados Unidos cuando apenas ten\u00eda un a\u00f1o. Ella es miembro de la primera generaci\u00f3n de beneficiarios de DACA en Arizona.Marlen comenz\u00f3 como pasante en el bufete de abogados Adelayo Law Firm, PLLC antes de convertirse [&hellip;]\" \/>\n<meta property=\"og:url\" content=\"https:\/\/adelayolaw.com\/es\/nuestro-equipo\/marlen-vazquez\/\" \/>\n<meta property=\"og:site_name\" content=\"Adelayo Law\" \/>\n<meta property=\"article:publisher\" content=\"https:\/\/facebook.com\/adelayolaw\" \/>\n<meta property=\"article:modified_time\" content=\"2022-07-29T23:24:03+00:00\" \/>\n<meta name=\"twitter:card\" content=\"summary_large_image\" \/>\n<meta name=\"twitter:site\" content=\"@DelBamLaw\" \/>\n<meta name=\"twitter:label1\" content=\"Est. reading time\" \/>\n\t<meta name=\"twitter:data1\" content=\"1 minute\" \/>\n<script type=\"application\/ld+json\" class=\"yoast-schema-graph\">{\"@context\":\"https:\/\/schema.org\",\"@graph\":[{\"@type\":\"WebPage\",\"@id\":\"https:\/\/adelayolaw.com\/es\/nuestro-equipo\/marlen-vazquez\/\",\"url\":\"https:\/\/adelayolaw.com\/es\/nuestro-equipo\/marlen-vazquez\/\",\"name\":\"Marlen Vezquez | Adelayo Law | Phoenix, AZ Criminal Law & Immigration Lawyer\",\"isPartOf\":{\"@id\":\"https:\/\/adelayolaw.com\/es\/#website\"},\"datePublished\":\"2016-07-01T01:34:05+00:00\",\"dateModified\":\"2022-07-29T23:24:03+00:00\",\"breadcrumb\":{\"@id\":\"https:\/\/adelayolaw.com\/es\/nuestro-equipo\/marlen-vazquez\/#breadcrumb\"},\"inLanguage\":\"en-US\",\"potentialAction\":[{\"@type\":\"ReadAction\",\"target\":[\"https:\/\/adelayolaw.com\/es\/nuestro-equipo\/marlen-vazquez\/\"]}]},{\"@type\":\"BreadcrumbList\",\"@id\":\"https:\/\/adelayolaw.com\/es\/nuestro-equipo\/marlen-vazquez\/#breadcrumb\",\"itemListElement\":[{\"@type\":\"ListItem\",\"position\":1,\"name\":\"Nuestro Equipo\",\"item\":\"https:\/\/adelayolaw.com\/es\/nuestro-equipo\/\"},{\"@type\":\"ListItem\",\"position\":2,\"name\":\"Marlen Vazquez\"}]},{\"@type\":\"WebSite\",\"@id\":\"https:\/\/adelayolaw.com\/es\/#website\",\"url\":\"https:\/\/adelayolaw.com\/es\/\",\"name\":\"Adelayo Law\",\"description\":\"\",\"publisher\":{\"@id\":\"https:\/\/adelayolaw.com\/es\/#organization\"},\"potentialAction\":[{\"@type\":\"SearchAction\",\"target\":{\"@type\":\"EntryPoint\",\"urlTemplate\":\"https:\/\/adelayolaw.com\/es\/?s={search_term_string}\"},\"query-input\":{\"@type\":\"PropertyValueSpecification\",\"valueRequired\":true,\"valueName\":\"search_term_string\"}}],\"inLanguage\":\"en-US\"},{\"@type\":\"Organization\",\"@id\":\"https:\/\/adelayolaw.com\/es\/#organization\",\"name\":\"Adelayo Law, PLLC\",\"url\":\"https:\/\/adelayolaw.com\/es\/\",\"logo\":{\"@type\":\"ImageObject\",\"inLanguage\":\"en-US\",\"@id\":\"https:\/\/adelayolaw.com\/es\/#\/schema\/logo\/image\/\",\"url\":\"https:\/\/adelayolaw.com\/es\/wp-content\/uploads\/2022\/08\/logo-3.png\",\"contentUrl\":\"https:\/\/adelayolaw.com\/es\/wp-content\/uploads\/2022\/08\/logo-3.png\",\"width\":2020,\"height\":561,\"caption\":\"Adelayo Law, PLLC\"},\"image\":{\"@id\":\"https:\/\/adelayolaw.com\/es\/#\/schema\/logo\/image\/\"},\"sameAs\":[\"https:\/\/facebook.com\/adelayolaw\",\"https:\/\/x.com\/DelBamLaw\",\"https:\/\/instagram.com\/Adelayo_Law_Firm_\",\"https:\/\/www.tiktok.com\/adelayolawfirm\",\"https:\/\/www.linkedin.com\/in\/bamidele-bami-adelayo-3b426824\/\",\"https:\/\/www.youtube.com\/channel\/UCVS6Ez5TmnrpGmEMS2auJ0w\"]}]}<\/script>\n<!-- \/ Yoast SEO plugin. -->","yoast_head_json":{"title":"Marlen Vezquez | Adelayo Law | Phoenix, AZ Criminal Law & Immigration Lawyer","robots":{"index":"index","follow":"follow","max-snippet":"max-snippet:-1","max-image-preview":"max-image-preview:large","max-video-preview":"max-video-preview:-1"},"canonical":"https:\/\/adelayolaw.com\/es\/nuestro-equipo\/marlen-vazquez\/","og_locale":"en_US","og_type":"article","og_title":"Marlen Vezquez | Adelayo Law | Phoenix, AZ Criminal Law & Immigration Lawyer","og_description":"Marlen V\u00e1zquez naci\u00f3 en Jalisco, M\u00e9xico. En la b\u00fasqueda del \u2018Sue\u00f1o Americano\u2019, ella y su familia se mudaron a los Estados Unidos cuando apenas ten\u00eda un a\u00f1o. Ella es miembro de la primera generaci\u00f3n de beneficiarios de DACA en Arizona.Marlen comenz\u00f3 como pasante en el bufete de abogados Adelayo Law Firm, PLLC antes de convertirse [&hellip;]","og_url":"https:\/\/adelayolaw.com\/es\/nuestro-equipo\/marlen-vazquez\/","og_site_name":"Adelayo Law","article_publisher":"https:\/\/facebook.com\/adelayolaw","article_modified_time":"2022-07-29T23:24:03+00:00","twitter_card":"summary_large_image","twitter_site":"@DelBamLaw","twitter_misc":{"Est. reading time":"1 minute"},"schema":{"@context":"https:\/\/schema.org","@graph":[{"@type":"WebPage","@id":"https:\/\/adelayolaw.com\/es\/nuestro-equipo\/marlen-vazquez\/","url":"https:\/\/adelayolaw.com\/es\/nuestro-equipo\/marlen-vazquez\/","name":"Marlen Vezquez | Adelayo Law | Phoenix, AZ Criminal Law & Immigration Lawyer","isPartOf":{"@id":"https:\/\/adelayolaw.com\/es\/#website"},"datePublished":"2016-07-01T01:34:05+00:00","dateModified":"2022-07-29T23:24:03+00:00","breadcrumb":{"@id":"https:\/\/adelayolaw.com\/es\/nuestro-equipo\/marlen-vazquez\/#breadcrumb"},"inLanguage":"en-US","potentialAction":[{"@type":"ReadAction","target":["https:\/\/adelayolaw.com\/es\/nuestro-equipo\/marlen-vazquez\/"]}]},{"@type":"BreadcrumbList","@id":"https:\/\/adelayolaw.com\/es\/nuestro-equipo\/marlen-vazquez\/#breadcrumb","itemListElement":[{"@type":"ListItem","position":1,"name":"Nuestro Equipo","item":"https:\/\/adelayolaw.com\/es\/nuestro-equipo\/"},{"@type":"ListItem","position":2,"name":"Marlen Vazquez"}]},{"@type":"WebSite","@id":"https:\/\/adelayolaw.com\/es\/#website","url":"https:\/\/adelayolaw.com\/es\/","name":"Adelayo Law","description":"","publisher":{"@id":"https:\/\/adelayolaw.com\/es\/#organization"},"potentialAction":[{"@type":"SearchAction","target":{"@type":"EntryPoint","urlTemplate":"https:\/\/adelayolaw.com\/es\/?s={search_term_string}"},"query-input":{"@type":"PropertyValueSpecification","valueRequired":true,"valueName":"search_term_string"}}],"inLanguage":"en-US"},{"@type":"Organization","@id":"https:\/\/adelayolaw.com\/es\/#organization","name":"Adelayo Law, PLLC","url":"https:\/\/adelayolaw.com\/es\/","logo":{"@type":"ImageObject","inLanguage":"en-US","@id":"https:\/\/adelayolaw.com\/es\/#\/schema\/logo\/image\/","url":"https:\/\/adelayolaw.com\/es\/wp-content\/uploads\/2022\/08\/logo-3.png","contentUrl":"https:\/\/adelayolaw.com\/es\/wp-content\/uploads\/2022\/08\/logo-3.png","width":2020,"height":561,"caption":"Adelayo Law, PLLC"},"image":{"@id":"https:\/\/adelayolaw.com\/es\/#\/schema\/logo\/image\/"},"sameAs":["https:\/\/facebook.com\/adelayolaw","https:\/\/x.com\/DelBamLaw","https:\/\/instagram.com\/Adelayo_Law_Firm_","https:\/\/www.tiktok.com\/adelayolawfirm","https:\/\/www.linkedin.com\/in\/bamidele-bami-adelayo-3b426824\/","https:\/\/www.youtube.com\/channel\/UCVS6Ez5TmnrpGmEMS2auJ0w"]}]}},"_links":{"self":[{"href":"https:\/\/adelayolaw.com\/es\/wp-json\/wp\/v2\/pages\/1156","targetHints":{"allow":["GET"]}}],"collection":[{"href":"https:\/\/adelayolaw.com\/es\/wp-json\/wp\/v2\/pages"}],"about":[{"href":"https:\/\/adelayolaw.com\/es\/wp-json\/wp\/v2\/types\/page"}],"author":[{"embeddable":true,"href":"https:\/\/adelayolaw.com\/es\/wp-json\/wp\/v2\/users\/1"}],"replies":[{"embeddable":true,"href":"https:\/\/adelayolaw.com\/es\/wp-json\/wp\/v2\/comments?post=1156"}],"version-history":[{"count":6,"href":"https:\/\/adelayolaw.com\/es\/wp-json\/wp\/v2\/pages\/1156\/revisions"}],"predecessor-version":[{"id":1397,"href":"https:\/\/adelayolaw.com\/es\/wp-json\/wp\/v2\/pages\/1156\/revisions\/1397"}],"up":[{"embeddable":true,"href":"https:\/\/adelayolaw.com\/es\/wp-json\/wp\/v2\/pages\/31"}],"wp:attachment":[{"href":"https:\/\/adelayolaw.com\/es\/wp-json\/wp\/v2\/media?parent=1156"}],"curies":[{"name":"wp","href":"https:\/\/api.w.org\/{rel}","templated":true}]}}