{"id":10,"date":"2016-06-22T19:57:55","date_gmt":"2016-06-22T19:57:55","guid":{"rendered":"http:\/\/adelayolaw.com\/dui-dwi\/"},"modified":"2022-07-29T22:53:10","modified_gmt":"2022-07-29T22:53:10","slug":"defensa-penal","status":"publish","type":"page","link":"https:\/\/adelayolaw.com\/es\/defensa-penal\/","title":{"rendered":"Defensa Penal"},"content":{"rendered":"<div class=\"vce-row-container\"><div class=\"vce-row vce-row--has-col-background vce-element--xl--has-background vce-row--col-gap-0 vce-row-equal-height vce-row-content--top\" data-vce-full-width=\"true\" id=\"el-037c01e6\" data-vce-do-apply=\"all el-037c01e6\"><div class=\"vce-content-background-container\"><div class=\"vce-asset-background-simple-container vce-visible-xl-only vce-asset-background-simple--style-cover vce-asset-background-simple--position-right-center\"><div class=\"vce-asset-background-simple\">\n              <div class=\"vce-asset-background-simple-item vcv-lozad\" data-background-image=\"https:\/\/adelayolaw.com\/es\/wp-content\/uploads\/2021\/10\/justice.jpg\"><\/div>\n              <noscript>\n                <div class=\"vce-asset-background-simple-item\" style=\"background-image: url(https:\/\/adelayolaw.com\/es\/wp-content\/uploads\/2021\/10\/justice.jpg)\"><\/div>\n              <\/noscript>\n            <\/div><\/div><div class=\"vce-asset-color-gradient-container vce-visible-xl-only\" data-vce-do-apply=\"gradient el-037c01e6\"><\/div><\/div><div class=\"vce-row-content\" data-vce-element-content=\"true\"><div class=\"vce-col vce-element--has-background vce-col--xs-100p vce-col--xs-visible vce-col--xs-last vce-col--xs-first vce-col--sm-100p vce-col--sm-visible vce-col--sm-last vce-col--sm-first vce-col--md-100p vce-col--md-visible vce-col--md-last vce-col--md-first vce-col--lg-100p vce-col--lg-visible vce-col--lg-last vce-col--lg-first vce-col--xl-auto vce-col--xl-visible vce-col--xl-first\" id=\"el-ca6942c5\"><div class=\"vce-col-inner\" data-vce-do-apply=\"border margin background  el-ca6942c5\"><div class=\"vce-content-background-container\"><\/div><div class=\"vce-col-content\" data-vce-element-content=\"true\" data-vce-do-apply=\"padding el-ca6942c5\"><div class=\"vce-text-block\"><div class=\"vce-text-block-wrapper vce\" id=\"el-94eff7c5\" data-vce-do-apply=\"all el-94eff7c5\"><h2>Abogado <strong>Criminal<\/strong> de Phoenix<\/h2>\n<p>Cuando alguien se enfrenta a cargos criminales en Arizona, es de suma importancia que obtenga asesoramiento legal calificado, experimentado y accesible.&nbsp;Esto se debe a que los cargos criminales pueden dar lugar a una serie de consecuencias que alteran la vida si usted es condenado.&nbsp;La mayor\u00eda de las veces en las causas penales, el Estado se comporta de manera agresiva.&nbsp;Esto es debido a que el Estado tiene una enorme cantidad de recursos y fondos para construir su caso, y procesar a las personas de las que se sospecha que han cometido delitos.&nbsp; Usted cuenta con nuestro equipo de abogados de defensa criminal altamente capacitados y calificados. Estamos aqu\u00ed para proteger sus derechos, y de manera agresiva defenderle en cada paso de su caso.&nbsp;Sus derechos, el futuro y su vida dependen de ello!<\/p>\n<p><span style=\"background-color: #ffffff;\">M\u00e1s de una d\u00e9cada de experiencia, somos capaces de representar a clientes en las situaciones m\u00e1s dif\u00edciles. Nuestro enfoque en el bufete de abogados Adelayo, PLLC es \u201cun cliente a la vez.\u201d Bami Adelayo fue un abogado de defensa en la Oficina de Nueva Jersey de la Defensa P\u00fablica, Jersey City, Nueva Jersey. Inmediatamente despu\u00e9s de eso, \u00e9l proces\u00f3 casos en la fiscalia del Estado del Condado de Will Oficina, Joliet, Illinois. Por lo tanto, tiene una clara comprensi\u00f3n de c\u00f3mo el sistema de justicia penal funciona desde el lado fiscal, y el lado abogado de la defensa.<\/span><\/p>\n<p>&nbsp;<\/p><\/div><\/div><div class=\"vce-button--style-basic-container vce-button--style-basic-container--align-left\"><span class=\"vce-button--style-basic-wrapper vce\" id=\"el-1db1ef1c\" data-vce-do-apply=\"margin el-1db1ef1c\"><a class=\"vce-button vce-button--style-basic vce-button--style-basic--border-rounded vce-button--style-basic--size-medium vce-button--style-basic--color-b-235-60-22--fff\" href=\"https:\/\/adelayolaw.com\/es\/contacto\" title=\"\" data-vce-do-apply=\"padding border background  el-1db1ef1c\">\u00a1Programe su consulta ahora!<\/a><\/span><\/div><\/div><\/div><\/div><div class=\"vce-col vce-col--xs-100p vce-col--xs-visible vce-col--xs-last vce-col--xs-first vce-col--sm-100p vce-col--sm-visible vce-col--sm-last vce-col--sm-first vce-col--md-100p vce-col--md-visible vce-col--md-last vce-col--md-first vce-col--lg-auto vce-col--lg-visible vce-col--lg-last vce-col--lg-first vce-col--xl-auto vce-col--xl-visible vce-col--xl-last\" id=\"el-4bef4df3\"><div class=\"vce-col-inner\" data-vce-do-apply=\"border margin background  el-4bef4df3\"><div class=\"vce-col-content\" data-vce-element-content=\"true\" data-vce-do-apply=\"padding el-4bef4df3\"><div><\/div><\/div><\/div><\/div><\/div><\/div><\/div><div class=\"vce-row-container\" data-vce-boxed-width=\"true\"><div class=\"vce-row vce-row--has-col-background vce-row--col-gap-30 vce-row-equal-height vce-row-content--top\" id=\"el-8b0f9a2e\" data-vce-do-apply=\"all el-8b0f9a2e\"><div class=\"vce-content-background-container\"><\/div><div class=\"vce-row-content\" data-vce-element-content=\"true\"><div class=\"vce-col vce-element--has-background vce-col--md-33-33p vce-col--xs-1 vce-col--xs-last vce-col--xs-first vce-col--sm-last vce-col--sm-first vce-col--md-first vce-col--lg-first vce-col--xl-first\" id=\"el-e9cd1e28\"><div class=\"vce-col-inner\" data-vce-do-apply=\"border margin background  el-e9cd1e28\"><div class=\"vce-content-background-container\"><div class=\"vce-asset-background-simple-container vce-visible-all-only vce-asset-background-simple--style-cover vce-asset-background-simple--position-center-top\"><div class=\"vce-asset-background-simple\">\n              <div class=\"vce-asset-background-simple-item vcv-lozad\" data-background-image=\"https:\/\/adelayolaw.com\/es\/wp-content\/uploads\/2021\/10\/police.jpg\"><\/div>\n              <noscript>\n                <div class=\"vce-asset-background-simple-item\" style=\"background-image: url(https:\/\/adelayolaw.com\/es\/wp-content\/uploads\/2021\/10\/police.jpg)\"><\/div>\n              <\/noscript>\n            <\/div><\/div><\/div><div class=\"vce-col-content\" data-vce-element-content=\"true\" data-vce-do-apply=\"padding el-e9cd1e28\"><div><\/div><\/div><\/div><\/div><div class=\"vce-col vce-col--md-66-66p vce-col--xs-1 vce-col--xs-last vce-col--xs-first vce-col--sm-last vce-col--sm-first vce-col--md-last vce-col--lg-last vce-col--xl-last\" id=\"el-2c21c42f\"><div class=\"vce-col-inner\" data-vce-do-apply=\"border margin background  el-2c21c42f\"><div class=\"vce-col-content\" data-vce-element-content=\"true\" data-vce-do-apply=\"padding el-2c21c42f\"><div class=\"vce-text-block\"><div class=\"vce-text-block-wrapper vce\" id=\"el-fc3b67c8\" data-vce-do-apply=\"all el-fc3b67c8\"><h2>Defendemos las personas acusadas de una variedad de&nbsp; delitos menores y\/o cr\u00edmenes, tales como:<\/h2>\n<ul class=\"check-list\">\n<li>Manejar bajo la influencia de bebidas alcoholicas (DUI).<\/li>\n<li>Posesi\u00f3n o consumo de alcohol por un menor de edad.<\/li>\n<li>Violaci\u00f3nes de tr\u00e1fico de todo tipo, como conducir con una licencia suspendida, exceso de velocidad o violaci\u00f3nes penales por exceso de velocidad.<\/li>\n<li>Casos de robo como el hurto, robo, robo de medios de transporte<\/li>\n<li>Posesion de drogas. Una sustancia controlada se define como: Los narc\u00f3ticos y marihuana.&nbsp;Bajo la ley de Arizona, una persona podr\u00eda ser acusada de posesi\u00f3n de drogas, posesi\u00f3n de narc\u00f3ticos o posesi\u00f3n de marihuana.&nbsp;Las leyes de drogas de Arizona permiten \u201cenjuiciamiento diferido\u2019 en alg\u00fan caso.&nbsp;Le podemos ayudar a determinar qu\u00e9 medidas y las acciones que debe tomar cuando se tiene un cargo de drogas en espera.<\/li>\n<li>Cargos por armas en Arizona: Arizona regula el uso y la posesi\u00f3n de armas, incluyendo armas de fuego y explosivos.&nbsp;Cargos de armas incluyen: mala conducta relacionada con armas y armas de fuego.&nbsp;En algunos casos, se trata de un crimen para descargar un arma de fuego con negligencia, menores de edad en posesi\u00f3n de armas de fuego.<\/li>\n<li>Delitos contra las personas, incluyendo asalto, asalto agravado, violencia dom\u00e9stica, homicidio, homicidio, asesinato en primer grado, asesinato delito grave.<\/li>\n<li>Delito sexual en Arizona: C\u00f3digo penal de Arizona esboza 6 delitos primarios. Estos son: \u201cCr\u00edmenes graves contra los ni\u00f1os\u201d exposici\u00f3n indecente, indecencia sexual p\u00fablica, abuso sexual (si la v\u00edctima es menor de 15 ), el delito es castigado sentenciado de acuerdo a a los \u201ccriterios de sentencia de conducta sexual con un menor\u201d participando en una relaci\u00f3n sexual u oral y con contacto sexual con una persona bajo la edad de 18 a\u00f1os. Tener relaciones sexuales o contacto sexual oral con cualquier persona, independientemente de su edad sin el consentimiento, esto tambi\u00e9n se conoce como \u2018violaci\u00f3n\u2019.<\/li>\n<li>Abuso de un ni\u00f1o.<\/li>\n<li>Los cr\u00edmenes de odio.<\/li>\n<\/ul><\/div><\/div><\/div><\/div><\/div><\/div><\/div><\/div>","protected":false},"excerpt":{"rendered":"<p>Abogado Criminal de Phoenix Cuando alguien se enfrenta a cargos criminales en Arizona, es de suma importancia que obtenga asesoramiento legal calificado, experimentado y accesible.&nbsp;Esto se debe a que los cargos criminales pueden dar lugar a una serie de consecuencias que alteran la vida si usted es condenado.&nbsp;La mayor\u00eda de las veces en las causas [&hellip;]<\/p>\n","protected":false},"author":1,"featured_media":51,"parent":0,"menu_order":4,"comment_status":"closed","ping_status":"closed","template":"","meta":{"_acf_changed":false,"footnotes":""},"class_list":["post-10","page","type-page","status-publish","has-post-thumbnail","hentry"],"acf":[],"yoast_head":"<!-- This site is optimized with the Yoast SEO plugin v26.6 - https:\/\/yoast.com\/wordpress\/plugins\/seo\/ -->\n<title>Criminal Defense &amp; Criminal Lawyer | Adelayo Law | Phoenix, AZ<\/title>\n<meta name=\"robots\" content=\"index, follow, max-snippet:-1, max-image-preview:large, max-video-preview:-1\" \/>\n<link rel=\"canonical\" href=\"https:\/\/adelayolaw.com\/es\/defensa-penal\/\" \/>\n<meta property=\"og:locale\" content=\"en_US\" \/>\n<meta property=\"og:type\" content=\"article\" \/>\n<meta property=\"og:title\" content=\"Criminal Defense &amp; Criminal Lawyer | Adelayo Law | Phoenix, AZ\" \/>\n<meta property=\"og:description\" content=\"Abogado Criminal de Phoenix Cuando alguien se enfrenta a cargos criminales en Arizona, es de suma importancia que obtenga asesoramiento legal calificado, experimentado y accesible.&nbsp;Esto se debe a que los cargos criminales pueden dar lugar a una serie de consecuencias que alteran la vida si usted es condenado.&nbsp;La mayor\u00eda de las veces en las causas [&hellip;]\" \/>\n<meta property=\"og:url\" content=\"https:\/\/adelayolaw.com\/es\/defensa-penal\/\" \/>\n<meta property=\"og:site_name\" content=\"Adelayo Law\" \/>\n<meta property=\"article:publisher\" content=\"https:\/\/facebook.com\/adelayolaw\" \/>\n<meta property=\"article:modified_time\" content=\"2022-07-29T22:53:10+00:00\" \/>\n<meta property=\"og:image\" content=\"https:\/\/adelayolaw.com\/es\/wp-content\/uploads\/2016\/06\/bkg-criminal-law.jpg\" \/>\n\t<meta property=\"og:image:width\" content=\"1400\" \/>\n\t<meta property=\"og:image:height\" content=\"500\" \/>\n\t<meta property=\"og:image:type\" content=\"image\/jpeg\" \/>\n<meta name=\"twitter:card\" content=\"summary_large_image\" \/>\n<meta name=\"twitter:site\" content=\"@DelBamLaw\" \/>\n<meta name=\"twitter:label1\" content=\"Est. reading time\" \/>\n\t<meta name=\"twitter:data1\" content=\"5 minutes\" \/>\n<script type=\"application\/ld+json\" class=\"yoast-schema-graph\">{\"@context\":\"https:\/\/schema.org\",\"@graph\":[{\"@type\":\"WebPage\",\"@id\":\"https:\/\/adelayolaw.com\/es\/defensa-penal\/\",\"url\":\"https:\/\/adelayolaw.com\/es\/defensa-penal\/\",\"name\":\"Criminal Defense & Criminal Lawyer | Adelayo Law | Phoenix, AZ\",\"isPartOf\":{\"@id\":\"https:\/\/adelayolaw.com\/es\/#website\"},\"primaryImageOfPage\":{\"@id\":\"https:\/\/adelayolaw.com\/es\/defensa-penal\/#primaryimage\"},\"image\":{\"@id\":\"https:\/\/adelayolaw.com\/es\/defensa-penal\/#primaryimage\"},\"thumbnailUrl\":\"https:\/\/adelayolaw.com\/es\/wp-content\/uploads\/2016\/06\/bkg-criminal-law.jpg\",\"datePublished\":\"2016-06-22T19:57:55+00:00\",\"dateModified\":\"2022-07-29T22:53:10+00:00\",\"inLanguage\":\"en-US\",\"potentialAction\":[{\"@type\":\"ReadAction\",\"target\":[\"https:\/\/adelayolaw.com\/es\/defensa-penal\/\"]}]},{\"@type\":\"ImageObject\",\"inLanguage\":\"en-US\",\"@id\":\"https:\/\/adelayolaw.com\/es\/defensa-penal\/#primaryimage\",\"url\":\"https:\/\/adelayolaw.com\/es\/wp-content\/uploads\/2016\/06\/bkg-criminal-law.jpg\",\"contentUrl\":\"https:\/\/adelayolaw.com\/es\/wp-content\/uploads\/2016\/06\/bkg-criminal-law.jpg\",\"width\":1400,\"height\":500},{\"@type\":\"WebSite\",\"@id\":\"https:\/\/adelayolaw.com\/es\/#website\",\"url\":\"https:\/\/adelayolaw.com\/es\/\",\"name\":\"Adelayo Law\",\"description\":\"\",\"publisher\":{\"@id\":\"https:\/\/adelayolaw.com\/es\/#organization\"},\"potentialAction\":[{\"@type\":\"SearchAction\",\"target\":{\"@type\":\"EntryPoint\",\"urlTemplate\":\"https:\/\/adelayolaw.com\/es\/?s={search_term_string}\"},\"query-input\":{\"@type\":\"PropertyValueSpecification\",\"valueRequired\":true,\"valueName\":\"search_term_string\"}}],\"inLanguage\":\"en-US\"},{\"@type\":\"Organization\",\"@id\":\"https:\/\/adelayolaw.com\/es\/#organization\",\"name\":\"Adelayo Law, PLLC\",\"url\":\"https:\/\/adelayolaw.com\/es\/\",\"logo\":{\"@type\":\"ImageObject\",\"inLanguage\":\"en-US\",\"@id\":\"https:\/\/adelayolaw.com\/es\/#\/schema\/logo\/image\/\",\"url\":\"https:\/\/adelayolaw.com\/es\/wp-content\/uploads\/2022\/08\/logo-3.png\",\"contentUrl\":\"https:\/\/adelayolaw.com\/es\/wp-content\/uploads\/2022\/08\/logo-3.png\",\"width\":2020,\"height\":561,\"caption\":\"Adelayo Law, PLLC\"},\"image\":{\"@id\":\"https:\/\/adelayolaw.com\/es\/#\/schema\/logo\/image\/\"},\"sameAs\":[\"https:\/\/facebook.com\/adelayolaw\",\"https:\/\/x.com\/DelBamLaw\",\"https:\/\/instagram.com\/Adelayo_Law_Firm_\",\"https:\/\/www.tiktok.com\/adelayolawfirm\",\"https:\/\/www.linkedin.com\/in\/bamidele-bami-adelayo-3b426824\/\",\"https:\/\/www.youtube.com\/channel\/UCVS6Ez5TmnrpGmEMS2auJ0w\"]}]}<\/script>\n<!-- \/ Yoast SEO plugin. -->","yoast_head_json":{"title":"Criminal Defense & Criminal Lawyer | Adelayo Law | Phoenix, AZ","robots":{"index":"index","follow":"follow","max-snippet":"max-snippet:-1","max-image-preview":"max-image-preview:large","max-video-preview":"max-video-preview:-1"},"canonical":"https:\/\/adelayolaw.com\/es\/defensa-penal\/","og_locale":"en_US","og_type":"article","og_title":"Criminal Defense & Criminal Lawyer | Adelayo Law | Phoenix, AZ","og_description":"Abogado Criminal de Phoenix Cuando alguien se enfrenta a cargos criminales en Arizona, es de suma importancia que obtenga asesoramiento legal calificado, experimentado y accesible.&nbsp;Esto se debe a que los cargos criminales pueden dar lugar a una serie de consecuencias que alteran la vida si usted es condenado.&nbsp;La mayor\u00eda de las veces en las causas [&hellip;]","og_url":"https:\/\/adelayolaw.com\/es\/defensa-penal\/","og_site_name":"Adelayo Law","article_publisher":"https:\/\/facebook.com\/adelayolaw","article_modified_time":"2022-07-29T22:53:10+00:00","og_image":[{"width":1400,"height":500,"url":"https:\/\/adelayolaw.com\/es\/wp-content\/uploads\/2016\/06\/bkg-criminal-law.jpg","type":"image\/jpeg"}],"twitter_card":"summary_large_image","twitter_site":"@DelBamLaw","twitter_misc":{"Est. reading time":"5 minutes"},"schema":{"@context":"https:\/\/schema.org","@graph":[{"@type":"WebPage","@id":"https:\/\/adelayolaw.com\/es\/defensa-penal\/","url":"https:\/\/adelayolaw.com\/es\/defensa-penal\/","name":"Criminal Defense & Criminal Lawyer | Adelayo Law | Phoenix, AZ","isPartOf":{"@id":"https:\/\/adelayolaw.com\/es\/#website"},"primaryImageOfPage":{"@id":"https:\/\/adelayolaw.com\/es\/defensa-penal\/#primaryimage"},"image":{"@id":"https:\/\/adelayolaw.com\/es\/defensa-penal\/#primaryimage"},"thumbnailUrl":"https:\/\/adelayolaw.com\/es\/wp-content\/uploads\/2016\/06\/bkg-criminal-law.jpg","datePublished":"2016-06-22T19:57:55+00:00","dateModified":"2022-07-29T22:53:10+00:00","inLanguage":"en-US","potentialAction":[{"@type":"ReadAction","target":["https:\/\/adelayolaw.com\/es\/defensa-penal\/"]}]},{"@type":"ImageObject","inLanguage":"en-US","@id":"https:\/\/adelayolaw.com\/es\/defensa-penal\/#primaryimage","url":"https:\/\/adelayolaw.com\/es\/wp-content\/uploads\/2016\/06\/bkg-criminal-law.jpg","contentUrl":"https:\/\/adelayolaw.com\/es\/wp-content\/uploads\/2016\/06\/bkg-criminal-law.jpg","width":1400,"height":500},{"@type":"WebSite","@id":"https:\/\/adelayolaw.com\/es\/#website","url":"https:\/\/adelayolaw.com\/es\/","name":"Adelayo Law","description":"","publisher":{"@id":"https:\/\/adelayolaw.com\/es\/#organization"},"potentialAction":[{"@type":"SearchAction","target":{"@type":"EntryPoint","urlTemplate":"https:\/\/adelayolaw.com\/es\/?s={search_term_string}"},"query-input":{"@type":"PropertyValueSpecification","valueRequired":true,"valueName":"search_term_string"}}],"inLanguage":"en-US"},{"@type":"Organization","@id":"https:\/\/adelayolaw.com\/es\/#organization","name":"Adelayo Law, PLLC","url":"https:\/\/adelayolaw.com\/es\/","logo":{"@type":"ImageObject","inLanguage":"en-US","@id":"https:\/\/adelayolaw.com\/es\/#\/schema\/logo\/image\/","url":"https:\/\/adelayolaw.com\/es\/wp-content\/uploads\/2022\/08\/logo-3.png","contentUrl":"https:\/\/adelayolaw.com\/es\/wp-content\/uploads\/2022\/08\/logo-3.png","width":2020,"height":561,"caption":"Adelayo Law, PLLC"},"image":{"@id":"https:\/\/adelayolaw.com\/es\/#\/schema\/logo\/image\/"},"sameAs":["https:\/\/facebook.com\/adelayolaw","https:\/\/x.com\/DelBamLaw","https:\/\/instagram.com\/Adelayo_Law_Firm_","https:\/\/www.tiktok.com\/adelayolawfirm","https:\/\/www.linkedin.com\/in\/bamidele-bami-adelayo-3b426824\/","https:\/\/www.youtube.com\/channel\/UCVS6Ez5TmnrpGmEMS2auJ0w"]}]}},"_links":{"self":[{"href":"https:\/\/adelayolaw.com\/es\/wp-json\/wp\/v2\/pages\/10","targetHints":{"allow":["GET"]}}],"collection":[{"href":"https:\/\/adelayolaw.com\/es\/wp-json\/wp\/v2\/pages"}],"about":[{"href":"https:\/\/adelayolaw.com\/es\/wp-json\/wp\/v2\/types\/page"}],"author":[{"embeddable":true,"href":"https:\/\/adelayolaw.com\/es\/wp-json\/wp\/v2\/users\/1"}],"replies":[{"embeddable":true,"href":"https:\/\/adelayolaw.com\/es\/wp-json\/wp\/v2\/comments?post=10"}],"version-history":[{"count":20,"href":"https:\/\/adelayolaw.com\/es\/wp-json\/wp\/v2\/pages\/10\/revisions"}],"predecessor-version":[{"id":1388,"href":"https:\/\/adelayolaw.com\/es\/wp-json\/wp\/v2\/pages\/10\/revisions\/1388"}],"wp:featuredmedia":[{"embeddable":true,"href":"https:\/\/adelayolaw.com\/es\/wp-json\/wp\/v2\/media\/51"}],"wp:attachment":[{"href":"https:\/\/adelayolaw.com\/es\/wp-json\/wp\/v2\/media?parent=10"}],"curies":[{"name":"wp","href":"https:\/\/api.w.org\/{rel}","templated":true}]}}